{"id":985,"date":"2022-02-22T10:19:28","date_gmt":"2022-02-22T10:19:28","guid":{"rendered":"http:\/\/localhost\/finanix\/?page_id=985"},"modified":"2026-01-15T08:52:09","modified_gmt":"2026-01-15T08:52:09","slug":"hedef-alici-ve-dagitim-kanali-bulma-b2b-lead-ve-partner-arastirmasi","status":"publish","type":"page","link":"https:\/\/tradebridge-intl.com\/index.php\/hedef-alici-ve-dagitim-kanali-bulma-b2b-lead-ve-partner-arastirmasi\/","title":{"rendered":"Hedef Al\u0131c\u0131 ve Da\u011f\u0131t\u0131m Kanal\u0131 Bulma (B2B Lead ve Partner Ara\u015ft\u0131rmas\u0131)"},"content":{"rendered":"\t\t<div data-elementor-type=\"wp-page\" data-elementor-id=\"985\" class=\"elementor elementor-985\">\n\t\t\t\t\t\t<section class=\"elementor-section elementor-top-section elementor-element elementor-element-1e258af6 elementor-section-boxed elementor-section-height-default elementor-section-height-default\" data-id=\"1e258af6\" data-element_type=\"section\">\n\t\t\t\t\t\t<div class=\"elementor-container elementor-column-gap-default\">\n\t\t\t\t\t<div class=\"elementor-column elementor-col-66 elementor-top-column elementor-element elementor-element-21d16e66\" data-id=\"21d16e66\" data-element_type=\"column\">\n\t\t\t<div class=\"elementor-widget-wrap elementor-element-populated\">\n\t\t\t\t\t\t<div class=\"elementor-element elementor-element-32f1db5 elementor-widget elementor-widget-image\" data-id=\"32f1db5\" data-element_type=\"widget\" data-widget_type=\"image.default\">\n\t\t\t\t\t\t\t\t\t\t\t\t\t\t\t<img fetchpriority=\"high\" decoding=\"async\" width=\"640\" height=\"349\" src=\"https:\/\/tradebridge-intl.com\/wp-content\/uploads\/2022\/03\/service-7.jpg\" class=\"attachment-large size-large wp-image-2910\" alt=\"\" srcset=\"https:\/\/tradebridge-intl.com\/wp-content\/uploads\/2022\/03\/service-7.jpg 880w, https:\/\/tradebridge-intl.com\/wp-content\/uploads\/2022\/03\/service-7-300x164.jpg 300w, https:\/\/tradebridge-intl.com\/wp-content\/uploads\/2022\/03\/service-7-768x419.jpg 768w\" sizes=\"(max-width: 640px) 100vw, 640px\" \/>\t\t\t\t\t\t\t\t\t\t\t\t\t\t\t<\/div>\n\t\t\t\t<div class=\"elementor-element elementor-element-508d02d1 elementor-widget elementor-widget-react-heading\" data-id=\"508d02d1\" data-element_type=\"widget\" data-widget_type=\"react-heading.default\">\n\t\t\t\t<div class=\"elementor-widget-container\">\n\t\t\t\t\t        <div class=\"react-heading default\">\r\n        \t<div class=\"title-inner\">        \t\t      \t\t\r\n\t            <h3 class=\"title\"><span class=\"watermark\"><\/span>Hedef Al\u0131c\u0131 ve Da\u011f\u0131t\u0131m Kanal\u0131 Bulma (B2B Lead ve Partner Ara\u015ft\u0131rmas\u0131):<\/h3>\t        <\/div>\r\n\t                    \t<div class=\"description\">\r\n            \t\t<p class=\"mb-30\"><span style=\"font-weight: 400\">Do\u011fru al\u0131c\u0131y\u0131 bulmak, ihracat\u0131n en zor ad\u0131mlar\u0131ndand\u0131r. TBI, geni\u015f k\u00fcresel a\u011f\u0131n\u0131 ve veri tabanlar\u0131n\u0131 kullanarak \u00fcr\u00fcn\u00fcn\u00fcze uygun <\/span><b>ithalat\u00e7\u0131 firmalar\u0131, distrib\u00fct\u00f6rleri ve toptanc\u0131lar\u0131<\/b><span style=\"font-weight: 400\"> tespit eder; d\u0131\u015f ticaret veri tabanlar\u0131n\u0131 tarayarak, se\u00e7ilen hedef \u00fclkelerdeki ger\u00e7ek al\u0131c\u0131 bilgilerini \u00e7\u0131kar\u0131yoruz. Ard\u0131ndan bu potansiyel partnerlerle ilk temas\u0131 kurman\u0131z i\u00e7in gerekli ileti\u015fim bilgilerini ve stratejiyi sa\u011fl\u0131yoruz. Sonu\u00e7 olarak, uluslararas\u0131 pazarda <\/span><b>\u00fcr\u00fcn\u00fcn\u00fcz\u00fc talep edecek g\u00fcvenilir m\u00fc\u015fterilerle<\/b><span style=\"font-weight: 400\"> bulu\u015fman\u0131z\u0131 h\u0131zland\u0131r\u0131yoruz.<\/span><\/p>            \t\t\r\n            \t<\/div>\r\n        \t        <\/div>\r\n        \t\t\t\t<\/div>\n\t\t\t\t<\/div>\n\t\t\t\t<section class=\"elementor-section elementor-inner-section elementor-element elementor-element-12f4ebd0 elementor-section-boxed elementor-section-height-default elementor-section-height-default\" data-id=\"12f4ebd0\" data-element_type=\"section\">\n\t\t\t\t\t\t<div class=\"elementor-container elementor-column-gap-default\">\n\t\t\t\t\t<div class=\"elementor-column elementor-col-33 elementor-inner-column elementor-element elementor-element-6f57ca82\" data-id=\"6f57ca82\" data-element_type=\"column\">\n\t\t\t<div class=\"elementor-widget-wrap elementor-element-populated\">\n\t\t\t\t\t\t<div class=\"elementor-element elementor-element-73858502 elementor-widget elementor-widget-rt-service-grid\" data-id=\"73858502\" data-element_type=\"widget\" data-widget_type=\"rt-service-grid.default\">\n\t\t\t\t<div class=\"elementor-widget-container\">\n\t\t\t\t\t<div class=\"react-addon-services services-style6\">\r\n    <div class=\"services-part\">\r\n    \t\t\t    \t\t       \r\n\t    <div class=\"services-text\">\r\n\t    \t\t    \t\t<h2 class=\"shadow-text stroke\">01<\/h2>\r\n\t    \t\t    \t\t    \t\t<div class=\"services-icon\">\r\n\t\t    \t\t\t\t    \t\t\t\t    \t\t\t<img decoding=\"async\" src=\"https:\/\/reactheme.com\/products\/wordpress\/finanix\/wp-content\/uploads\/2022\/03\/s-icon13.png\" alt=\"image\"\/>\r\n\t\t    \t\t\t    \t\t<\/div>\t\r\n\t    \t\t    \t\t\t    \t<div class=\"services-title\">\t\t    \t\t\r\n\t\t    \t\t\r\n\t\t    \t\t\t\t    \t\t\t<h2 class=\"title\">\t Hedef Al\u0131c\u0131 ve Distrib\u00fct\u00f6r Tespiti<\/h2>\r\n\t\t    \t\t\t\t\t\t    \t\t\r\n\t\t    \t<\/div>\r\n\t    \t\t\r\n\r\n\t    \t\t\r\n\r\n\t    \t\r\n\t    <\/div>\r\n    \t\r\n\t<\/div>\r\n<\/div>\t\t\t\t<\/div>\n\t\t\t\t<\/div>\n\t\t\t\t\t<\/div>\n\t\t<\/div>\n\t\t\t\t<div class=\"elementor-column elementor-col-33 elementor-inner-column elementor-element elementor-element-9e4a74f\" data-id=\"9e4a74f\" data-element_type=\"column\">\n\t\t\t<div class=\"elementor-widget-wrap elementor-element-populated\">\n\t\t\t\t\t\t<div class=\"elementor-element elementor-element-5476e1c8 elementor-widget elementor-widget-rt-service-grid\" data-id=\"5476e1c8\" data-element_type=\"widget\" data-widget_type=\"rt-service-grid.default\">\n\t\t\t\t<div class=\"elementor-widget-container\">\n\t\t\t\t\t<div class=\"react-addon-services services-style6\">\r\n    <div class=\"services-part\">\r\n    \t\t\t    \t\t       \r\n\t    <div class=\"services-text\">\r\n\t    \t\t    \t\t<h2 class=\"shadow-text stroke\">02<\/h2>\r\n\t    \t\t    \t\t    \t\t<div class=\"services-icon\">\r\n\t\t    \t\t\t\t    \t\t\t\t    \t\t\t<img decoding=\"async\" src=\"https:\/\/reactheme.com\/products\/wordpress\/finanix\/wp-content\/uploads\/2022\/03\/s-icon14.png\" alt=\"image\"\/>\r\n\t\t    \t\t\t    \t\t<\/div>\t\r\n\t    \t\t    \t\t\t    \t<div class=\"services-title\">\t\t    \t\t\r\n\t\t    \t\t\r\n\t\t    \t\t\t\t    \t\t\t<h2 class=\"title\">\t Ger\u00e7ek Al\u0131c\u0131 Verisi &amp; \u0130leti\u015fim Stratejisi<\/h2>\r\n\t\t    \t\t\t\t\t\t    \t\t\r\n\t\t    \t<\/div>\r\n\t    \t\t\r\n\r\n\t    \t\t\r\n\r\n\t    \t\r\n\t    <\/div>\r\n    \t\r\n\t<\/div>\r\n<\/div>\t\t\t\t<\/div>\n\t\t\t\t<\/div>\n\t\t\t\t\t<\/div>\n\t\t<\/div>\n\t\t\t\t<div class=\"elementor-column elementor-col-33 elementor-inner-column elementor-element elementor-element-f31ce2a\" data-id=\"f31ce2a\" data-element_type=\"column\">\n\t\t\t<div class=\"elementor-widget-wrap elementor-element-populated\">\n\t\t\t\t\t\t<div class=\"elementor-element elementor-element-375562a7 elementor-widget elementor-widget-rt-service-grid\" data-id=\"375562a7\" data-element_type=\"widget\" data-widget_type=\"rt-service-grid.default\">\n\t\t\t\t<div class=\"elementor-widget-container\">\n\t\t\t\t\t<div class=\"react-addon-services services-style6\">\r\n    <div class=\"services-part\">\r\n    \t\t\t    \t\t       \r\n\t    <div class=\"services-text\">\r\n\t    \t\t    \t\t<h2 class=\"shadow-text stroke\">03<\/h2>\r\n\t    \t\t    \t\t    \t\t<div class=\"services-icon\">\r\n\t\t    \t\t\t\t    \t\t\t\t    \t\t\t<img decoding=\"async\" src=\"https:\/\/reactheme.com\/products\/wordpress\/finanix\/wp-content\/uploads\/2022\/03\/s-icon15.png\" alt=\"image\"\/>\r\n\t\t    \t\t\t    \t\t<\/div>\t\r\n\t    \t\t    \t\t\t    \t<div class=\"services-title\">\t\t    \t\t\r\n\t\t    \t\t\r\n\t\t    \t\t\t\t    \t\t\t<h2 class=\"title\">\t G\u00fcvenilir Uluslararas\u0131 M\u00fc\u015fterilere H\u0131zl\u0131 Eri\u015fim<\/h2>\r\n\t\t    \t\t\t\t\t\t    \t\t\r\n\t\t    \t<\/div>\r\n\t    \t\t\r\n\r\n\t    \t\t\r\n\r\n\t    \t\r\n\t    <\/div>\r\n    \t\r\n\t<\/div>\r\n<\/div>\t\t\t\t<\/div>\n\t\t\t\t<\/div>\n\t\t\t\t\t<\/div>\n\t\t<\/div>\n\t\t\t\t\t<\/div>\n\t\t<\/section>\n\t\t\t\t<div class=\"elementor-element elementor-element-23055542 elementor-widget elementor-widget-text-editor\" data-id=\"23055542\" data-element_type=\"widget\" data-widget_type=\"text-editor.default\">\n\t\t\t\t\t\t\t\t\t<p>Geni\u015f k\u00fcresel a\u011f\u0131m\u0131z ve d\u0131\u015f ticaret veri tabanlar\u0131yla \u00fcr\u00fcn\u00fcn\u00fcze uygun ithalat\u00e7\u0131, distrib\u00fct\u00f6r ve toptanc\u0131lar\u0131 hedef \u00fclkelerde belirliyoruz. Se\u00e7ilen pazarlarda do\u011frulanm\u0131\u015f al\u0131c\u0131 bilgilerini analiz ediyor, potansiyel partnerlerle ilk temas i\u00e7in gerekli ileti\u015fim altyap\u0131s\u0131n\u0131 ve stratejiyi olu\u015fturuyoruz. Do\u011fru al\u0131c\u0131larla zaman kaybetmeden bulu\u015fman\u0131z\u0131 sa\u011flayarak, uluslararas\u0131 pazarlarda sat\u0131\u015fa d\u00f6n\u00fc\u015febilecek g\u00fc\u00e7l\u00fc i\u015f ba\u011flant\u0131lar\u0131 kurman\u0131za yard\u0131mc\u0131 oluyoruz.<\/p>\t\t\t\t\t\t\t\t<\/div>\n\t\t\t\t<section class=\"elementor-section elementor-inner-section elementor-element elementor-element-7b124112 elementor-section-boxed elementor-section-height-default elementor-section-height-default\" data-id=\"7b124112\" data-element_type=\"section\" data-settings=\"{&quot;background_background&quot;:&quot;classic&quot;}\">\n\t\t\t\t\t\t<div class=\"elementor-container elementor-column-gap-default\">\n\t\t\t\t\t<div class=\"elementor-column elementor-col-100 elementor-inner-column elementor-element elementor-element-444b2c23\" data-id=\"444b2c23\" data-element_type=\"column\">\n\t\t\t<div class=\"elementor-widget-wrap elementor-element-populated\">\n\t\t\t\t\t\t<div class=\"elementor-element elementor-element-7d670177 elementor-widget elementor-widget-image\" data-id=\"7d670177\" data-element_type=\"widget\" data-widget_type=\"image.default\">\n\t\t\t\t\t\t\t\t\t\t\t\t\t\t\t<img decoding=\"async\" width=\"80\" height=\"62\" src=\"https:\/\/tradebridge-intl.com\/wp-content\/uploads\/2022\/03\/quote-sm.png\" class=\"attachment-large size-large wp-image-3029\" alt=\"\" \/>\t\t\t\t\t\t\t\t\t\t\t\t\t\t\t<\/div>\n\t\t\t\t<div class=\"elementor-element elementor-element-66cb2f25 elementor-widget elementor-widget-testimonial\" data-id=\"66cb2f25\" data-element_type=\"widget\" data-widget_type=\"testimonial.default\">\n\t\t\t\t\t\t\t<div class=\"elementor-testimonial-wrapper\">\n\t\t\t\t\t\t\t<div class=\"elementor-testimonial-content\">\u201cTBI Trade Bridge International sayesinde do\u011fru al\u0131c\u0131larla h\u0131zl\u0131 ve g\u00fcvenilir \u015fekilde ba\u011flant\u0131 kurduk. Veri odakl\u0131 yakla\u015f\u0131mlar\u0131 ve profesyonel s\u00fcre\u00e7 y\u00f6netimi, ihracat operasyonumuzu k\u0131sa s\u00fcrede ileriye ta\u015f\u0131d\u0131.\u201d<\/div>\n\t\t\t\n\t\t\t\t\t\t<div class=\"elementor-testimonial-meta elementor-has-image elementor-testimonial-image-position-aside\">\n\t\t\t\t<div class=\"elementor-testimonial-meta-inner\">\n\t\t\t\t\t\t\t\t\t\t\t<div class=\"elementor-testimonial-image\">\n\t\t\t\t\t\t\t<img decoding=\"async\" width=\"610\" height=\"660\" src=\"https:\/\/tradebridge-intl.com\/wp-content\/uploads\/2022\/03\/team-6.jpg\" class=\"attachment-full size-full wp-image-3255\" alt=\"\" srcset=\"https:\/\/tradebridge-intl.com\/wp-content\/uploads\/2022\/03\/team-6.jpg 610w, https:\/\/tradebridge-intl.com\/wp-content\/uploads\/2022\/03\/team-6-277x300.jpg 277w\" sizes=\"(max-width: 610px) 100vw, 610px\" \/>\t\t\t\t\t\t<\/div>\n\t\t\t\t\t\n\t\t\t\t\t\t\t\t\t\t<div class=\"elementor-testimonial-details\">\n\t\t\t\t\t\t\t\t\t\t\t\t\t\t<div class=\"elementor-testimonial-name\">David Thompson<\/div>\n\t\t\t\t\t\t\t\t\t\t\t\t\t\t\t\t\t\t\t\t\t\t<div class=\"elementor-testimonial-job\">International Sales Manager GlobalSource Trading Ltd. \u2013 London, UK \ud83c\uddec\ud83c\udde7<\/div>\n\t\t\t\t\t\t\t\t\t\t\t\t\t<\/div>\n\t\t\t\t\t\t\t\t\t<\/div>\n\t\t\t<\/div>\n\t\t\t\t\t<\/div>\n\t\t\t\t\t\t<\/div>\n\t\t\t\t\t<\/div>\n\t\t<\/div>\n\t\t\t\t\t<\/div>\n\t\t<\/section>\n\t\t\t\t<div class=\"elementor-element elementor-element-5b51ef09 elementor-widget elementor-widget-text-editor\" data-id=\"5b51ef09\" data-element_type=\"widget\" data-widget_type=\"text-editor.default\">\n\t\t\t\t\t\t\t\t\t<p>TBI Trade Bridge International, firmalar\u0131n ihracatta do\u011fru al\u0131c\u0131ya ula\u015fmas\u0131n\u0131 sa\u011flayan veri odakl\u0131 \u00e7\u00f6z\u00fcmler sunar. K\u00fcresel a\u011f ve analiz g\u00fcc\u00fcyle hedef pazarlarda g\u00fcvenilir i\u015f ortaklar\u0131n\u0131 bulmay\u0131 kolayla\u015ft\u0131r\u0131r, sat\u0131\u015fa d\u00f6n\u00fc\u015fen s\u00fcrd\u00fcr\u00fclebilir ba\u011flant\u0131lar kurulmas\u0131na destek olur.<\/p>\t\t\t\t\t\t\t\t<\/div>\n\t\t\t\t\t<\/div>\n\t\t<\/div>\n\t\t\t\t<div class=\"elementor-column elementor-col-33 elementor-top-column elementor-element elementor-element-32443443\" data-id=\"32443443\" data-element_type=\"column\">\n\t\t\t<div class=\"elementor-widget-wrap elementor-element-populated\">\n\t\t\t\t\t\t<section class=\"elementor-section elementor-inner-section elementor-element elementor-element-684f5f9 elementor-section-boxed elementor-section-height-default elementor-section-height-default\" data-id=\"684f5f9\" data-element_type=\"section\">\n\t\t\t\t\t\t<div class=\"elementor-container elementor-column-gap-default\">\n\t\t\t\t\t<div class=\"elementor-column elementor-col-100 elementor-inner-column elementor-element elementor-element-bb9cdfa\" data-id=\"bb9cdfa\" data-element_type=\"column\">\n\t\t\t<div class=\"elementor-widget-wrap elementor-element-populated\">\n\t\t\t\t\t\t<div class=\"elementor-element elementor-element-4a0f406 elementor-widget elementor-widget-react-heading\" data-id=\"4a0f406\" data-element_type=\"widget\" data-widget_type=\"react-heading.default\">\n\t\t\t\t<div class=\"elementor-widget-container\">\n\t\t\t\t\t        <div class=\"react-heading style2\">\r\n        \t<div class=\"title-inner\">        \t\t      \t\t\r\n\t            <span class=\"sub-text \">Kategoriler<\/span><h4 class=\"title\"><span class=\"watermark\"><\/span>Hizmetlerimiz<\/h4>\t        <\/div>\r\n\t                <\/div>\r\n        \t\t\t\t<\/div>\n\t\t\t\t<\/div>\n\t\t\t\t\t<\/div>\n\t\t<\/div>\n\t\t\t\t\t<\/div>\n\t\t<\/section>\n\t\t\t\t<section class=\"elementor-section elementor-inner-section elementor-element elementor-element-2e802f2 elementor-section-boxed elementor-section-height-default elementor-section-height-default\" data-id=\"2e802f2\" data-element_type=\"section\">\n\t\t\t\t\t\t<div class=\"elementor-container elementor-column-gap-default\">\n\t\t\t\t\t<div class=\"elementor-column elementor-col-100 elementor-inner-column elementor-element elementor-element-47eb68a\" data-id=\"47eb68a\" data-element_type=\"column\">\n\t\t\t<div class=\"elementor-widget-wrap elementor-element-populated\">\n\t\t\t\t\t\t<div class=\"elementor-element elementor-element-62070e4 elementor-widget elementor-widget-react-heading\" data-id=\"62070e4\" data-element_type=\"widget\" data-widget_type=\"react-heading.default\">\n\t\t\t\t<div class=\"elementor-widget-container\">\n\t\t\t\t\t        <div class=\"react-heading style2\">\r\n        \t<div class=\"title-inner\">        \t\t      \t\t\r\n\t            <span class=\"sub-text \">\u0130leti\u015fim<\/span><h4 class=\"title\"><span class=\"watermark\"><\/span>Merhaba<\/h4>\t        <\/div>\r\n\t                <\/div>\r\n        \t\t\t\t<\/div>\n\t\t\t\t<\/div>\n\t\t\t\t<div class=\"elementor-element elementor-element-5dea4c7 elementor-widget elementor-widget-rt-cf7\" data-id=\"5dea4c7\" data-element_type=\"widget\" data-widget_type=\"rt-cf7.default\">\n\t\t\t\t<div class=\"elementor-widget-container\">\n\t\t\t\t\t<div class=\"form_btn_\">\n<div class=\"wpcf7 no-js\" id=\"wpcf7-f3092-o1\" lang=\"en-US\" dir=\"ltr\" data-wpcf7-id=\"3092\">\n<div class=\"screen-reader-response\"><p role=\"status\" aria-live=\"polite\" aria-atomic=\"true\"><\/p> <ul><\/ul><\/div>\n<form action=\"\/index.php\/wp-json\/wp\/v2\/pages\/985#wpcf7-f3092-o1\" method=\"post\" class=\"wpcf7-form init\" aria-label=\"Contact form\" novalidate=\"novalidate\" data-status=\"init\">\n<fieldset class=\"hidden-fields-container\"><input type=\"hidden\" name=\"_wpcf7\" value=\"3092\" \/><input type=\"hidden\" name=\"_wpcf7_version\" value=\"6.1.4\" \/><input type=\"hidden\" name=\"_wpcf7_locale\" value=\"en_US\" \/><input type=\"hidden\" name=\"_wpcf7_unit_tag\" value=\"wpcf7-f3092-o1\" \/><input type=\"hidden\" name=\"_wpcf7_container_post\" value=\"0\" \/><input type=\"hidden\" name=\"_wpcf7_posted_data_hash\" value=\"\" \/>\n<\/fieldset>\n<div class=\"row contact-form\">\n\t<div class=\"col-lg-12 col-md-12\">\n\t\t<div class=\"input-box\">\n\t\t\t<p><span class=\"wpcf7-form-control-wrap\" data-name=\"your-name\"><input size=\"40\" maxlength=\"400\" class=\"wpcf7-form-control wpcf7-text wpcf7-validates-as-required\" aria-required=\"true\" aria-invalid=\"false\" placeholder=\"Full Name\" value=\"\" type=\"text\" name=\"your-name\" \/><\/span>\n\t\t\t<\/p>\n\t\t<\/div>\n\t<\/div>\n\t<div class=\"col-lg-12 col-md-12\">\n\t\t<div class=\"input-box mail\">\n\t\t\t<p><span class=\"wpcf7-form-control-wrap\" data-name=\"your-email\"><input size=\"40\" maxlength=\"400\" class=\"wpcf7-form-control wpcf7-email wpcf7-validates-as-required wpcf7-text wpcf7-validates-as-email\" aria-required=\"true\" aria-invalid=\"false\" placeholder=\"Email Address\" value=\"\" type=\"email\" name=\"your-email\" \/><\/span>\n\t\t\t<\/p>\n\t\t<\/div>\n\t<\/div>\n\t<div class=\"col-lg-12 col-md-12\">\n\t\t<div class=\"input-box subject\">\n\t\t\t<p><span class=\"wpcf7-form-control-wrap\" data-name=\"your-subject\"><input size=\"40\" maxlength=\"400\" class=\"wpcf7-form-control wpcf7-text wpcf7-validates-as-required\" aria-required=\"true\" aria-invalid=\"false\" placeholder=\"Subject\" value=\"\" type=\"text\" name=\"your-subject\" \/><\/span>\n\t\t\t<\/p>\n\t\t<\/div>\n\t<\/div>\n\t<div class=\"col-12\">\n\t\t<div class=\"input-box text-area\">\n\t\t\t<p><span class=\"wpcf7-form-control-wrap\" data-name=\"your-message\"><textarea cols=\"40\" rows=\"10\" maxlength=\"2000\" class=\"wpcf7-form-control wpcf7-textarea\" aria-invalid=\"false\" placeholder=\"Message\" name=\"your-message\"><\/textarea><\/span>\n\t\t\t<\/p>\n\t\t<\/div>\n\t<\/div>\n\t<div class=\"col-12\">\n\t\t<p><input class=\"wpcf7-form-control wpcf7-submit has-spinner\" type=\"submit\" value=\"Get A Quote\" \/>\n\t\t<\/p>\n\t<\/div>\n<\/div><div class=\"wpcf7-response-output\" aria-hidden=\"true\"><\/div>\n<\/form>\n<\/div>\n<\/div>\t\t\t\t<\/div>\n\t\t\t\t<\/div>\n\t\t\t\t\t<\/div>\n\t\t<\/div>\n\t\t\t\t\t<\/div>\n\t\t<\/section>\n\t\t\t\t<section class=\"elementor-section elementor-inner-section elementor-element elementor-element-77f477a elementor-section-boxed elementor-section-height-default elementor-section-height-default\" data-id=\"77f477a\" data-element_type=\"section\" data-settings=\"{&quot;background_background&quot;:&quot;classic&quot;}\">\n\t\t\t\t\t\t\t<div class=\"elementor-background-overlay\"><\/div>\n\t\t\t\t\t\t\t<div class=\"elementor-container elementor-column-gap-default\">\n\t\t\t\t\t<div class=\"elementor-column elementor-col-100 elementor-inner-column elementor-element elementor-element-2b60dd0\" data-id=\"2b60dd0\" data-element_type=\"column\">\n\t\t\t<div class=\"elementor-widget-wrap elementor-element-populated\">\n\t\t\t\t\t\t<div class=\"elementor-element elementor-element-e48fda7 elementor-widget elementor-widget-image\" data-id=\"e48fda7\" data-element_type=\"widget\" data-widget_type=\"image.default\">\n\t\t\t\t\t\t\t\t\t\t\t\t\t\t\t<img loading=\"lazy\" decoding=\"async\" width=\"605\" height=\"150\" src=\"https:\/\/tradebridge-intl.com\/wp-content\/uploads\/2026\/01\/tradebridge_logo_wht_rgb.png\" class=\"attachment-large size-large wp-image-5318\" alt=\"\" srcset=\"https:\/\/tradebridge-intl.com\/wp-content\/uploads\/2026\/01\/tradebridge_logo_wht_rgb.png 605w, https:\/\/tradebridge-intl.com\/wp-content\/uploads\/2026\/01\/tradebridge_logo_wht_rgb-300x74.png 300w\" sizes=\"(max-width: 605px) 100vw, 605px\" \/>\t\t\t\t\t\t\t\t\t\t\t\t\t\t\t<\/div>\n\t\t\t\t<div class=\"elementor-element elementor-element-7e5a568 elementor-widget elementor-widget-react-heading\" data-id=\"7e5a568\" data-element_type=\"widget\" data-widget_type=\"react-heading.default\">\n\t\t\t\t<div class=\"elementor-widget-container\">\n\t\t\t\t\t        <div class=\"react-heading default\">\r\n        \t<div class=\"title-inner\">        \t\t      \t\t\r\n\t            <span class=\"sub-text \">+90 (507) 425 08 52<\/span><h2 class=\"title\"><span class=\"watermark\"><\/span>Dan\u0131\u015fmanl\u0131k Al\u0131n<\/h2>\t        <\/div>\r\n\t                <\/div>\r\n        \t\t\t\t<\/div>\n\t\t\t\t<\/div>\n\t\t\t\t<div class=\"elementor-element elementor-element-204f9ef elementor-align-center elementor-widget elementor-widget-button\" data-id=\"204f9ef\" data-element_type=\"widget\" data-widget_type=\"button.default\">\n\t\t\t\t\t\t\t\t\t\t<a class=\"elementor-button elementor-button-link elementor-size-sm\" href=\"#\">\n\t\t\t\t\t\t<span class=\"elementor-button-content-wrapper\">\n\t\t\t\t\t\t\t\t\t<span class=\"elementor-button-text\">\u0130leti\u015fim<\/span>\n\t\t\t\t\t<\/span>\n\t\t\t\t\t<\/a>\n\t\t\t\t\t\t\t\t<\/div>\n\t\t\t\t\t<\/div>\n\t\t<\/div>\n\t\t\t\t\t<\/div>\n\t\t<\/section>\n\t\t\t\t\t<\/div>\n\t\t<\/div>\n\t\t\t\t\t<\/div>\n\t\t<\/section>\n\t\t\t\t<\/div>\n\t\t","protected":false},"excerpt":{"rendered":"<p>Hedef Al\u0131c\u0131 ve Da\u011f\u0131t\u0131m Kanal\u0131 Bulma (B2B Lead ve Partner Ara\u015ft\u0131rmas\u0131): Do\u011fru al\u0131c\u0131y\u0131 bulmak, ihracat\u0131n en zor ad\u0131mlar\u0131ndand\u0131r. TBI, geni\u015f k\u00fcresel a\u011f\u0131n\u0131 ve veri tabanlar\u0131n\u0131 kullanarak \u00fcr\u00fcn\u00fcn\u00fcze uygun ithalat\u00e7\u0131 firmalar\u0131, distrib\u00fct\u00f6rleri ve toptanc\u0131lar\u0131 tespit eder; d\u0131\u015f ticaret veri tabanlar\u0131n\u0131 tarayarak, se\u00e7ilen hedef \u00fclkelerdeki ger\u00e7ek al\u0131c\u0131 bilgilerini \u00e7\u0131kar\u0131yoruz. Ard\u0131ndan bu potansiyel partnerlerle ilk temas\u0131 kurman\u0131z i\u00e7in&#8230;<\/p>\n","protected":false},"author":1,"featured_media":0,"parent":0,"menu_order":0,"comment_status":"closed","ping_status":"closed","template":"","meta":{"footnotes":""},"class_list":["post-985","page","type-page","status-publish","hentry"],"_links":{"self":[{"href":"https:\/\/tradebridge-intl.com\/index.php\/wp-json\/wp\/v2\/pages\/985","targetHints":{"allow":["GET"]}}],"collection":[{"href":"https:\/\/tradebridge-intl.com\/index.php\/wp-json\/wp\/v2\/pages"}],"about":[{"href":"https:\/\/tradebridge-intl.com\/index.php\/wp-json\/wp\/v2\/types\/page"}],"author":[{"embeddable":true,"href":"https:\/\/tradebridge-intl.com\/index.php\/wp-json\/wp\/v2\/users\/1"}],"replies":[{"embeddable":true,"href":"https:\/\/tradebridge-intl.com\/index.php\/wp-json\/wp\/v2\/comments?post=985"}],"version-history":[{"count":11,"href":"https:\/\/tradebridge-intl.com\/index.php\/wp-json\/wp\/v2\/pages\/985\/revisions"}],"predecessor-version":[{"id":5437,"href":"https:\/\/tradebridge-intl.com\/index.php\/wp-json\/wp\/v2\/pages\/985\/revisions\/5437"}],"wp:attachment":[{"href":"https:\/\/tradebridge-intl.com\/index.php\/wp-json\/wp\/v2\/media?parent=985"}],"curies":[{"name":"wp","href":"https:\/\/api.w.org\/{rel}","templated":true}]}}