{"id":987,"date":"2022-02-22T10:19:48","date_gmt":"2022-02-22T10:19:48","guid":{"rendered":"http:\/\/localhost\/finanix\/?page_id=987"},"modified":"2026-01-15T08:59:01","modified_gmt":"2026-01-15T08:59:01","slug":"diger-hizmetler-egitim-marka-lokalizasyonu-vb","status":"publish","type":"page","link":"https:\/\/tradebridge-intl.com\/index.php\/diger-hizmetler-egitim-marka-lokalizasyonu-vb\/","title":{"rendered":"Di\u011fer Hizmetler (E\u011fitim, Marka Lokalizasyonu, vb.)"},"content":{"rendered":"\t\t<div data-elementor-type=\"wp-page\" data-elementor-id=\"987\" class=\"elementor elementor-987\">\n\t\t\t\t\t\t<section class=\"elementor-section elementor-top-section elementor-element elementor-element-b456dde elementor-section-boxed elementor-section-height-default elementor-section-height-default\" data-id=\"b456dde\" data-element_type=\"section\">\n\t\t\t\t\t\t<div class=\"elementor-container elementor-column-gap-default\">\n\t\t\t\t\t<div class=\"elementor-column elementor-col-66 elementor-top-column elementor-element elementor-element-4d180edc\" data-id=\"4d180edc\" data-element_type=\"column\">\n\t\t\t<div class=\"elementor-widget-wrap elementor-element-populated\">\n\t\t\t\t\t\t<div class=\"elementor-element elementor-element-4abcb12a elementor-widget elementor-widget-image\" data-id=\"4abcb12a\" data-element_type=\"widget\" data-widget_type=\"image.default\">\n\t\t\t\t\t\t\t\t\t\t\t\t\t\t\t<img fetchpriority=\"high\" decoding=\"async\" width=\"640\" height=\"349\" src=\"https:\/\/tradebridge-intl.com\/wp-content\/uploads\/2022\/03\/service-7.jpg\" class=\"attachment-large size-large wp-image-2910\" alt=\"\" srcset=\"https:\/\/tradebridge-intl.com\/wp-content\/uploads\/2022\/03\/service-7.jpg 880w, https:\/\/tradebridge-intl.com\/wp-content\/uploads\/2022\/03\/service-7-300x164.jpg 300w, https:\/\/tradebridge-intl.com\/wp-content\/uploads\/2022\/03\/service-7-768x419.jpg 768w\" sizes=\"(max-width: 640px) 100vw, 640px\" \/>\t\t\t\t\t\t\t\t\t\t\t\t\t\t\t<\/div>\n\t\t\t\t<div class=\"elementor-element elementor-element-453bed6c elementor-widget elementor-widget-react-heading\" data-id=\"453bed6c\" data-element_type=\"widget\" data-widget_type=\"react-heading.default\">\n\t\t\t\t<div class=\"elementor-widget-container\">\n\t\t\t\t\t        <div class=\"react-heading default\">\r\n        \t<div class=\"title-inner\">        \t\t      \t\t\r\n\t            <h3 class=\"title\"><span class=\"watermark\"><\/span>Di\u011fer Hizmetler (E\u011fitim, Marka Lokalizasyonu, vb.):<\/h3>\t        <\/div>\r\n\t                    \t<div class=\"description\">\r\n            \t\t<ul><li style=\"font-weight: 400\"><b>E-ihracat ve Dijital D\u00f6n\u00fc\u015f\u00fcm E\u011fitimi:<\/b><span style=\"font-weight: 400\"> \u0130hracata yeni ba\u015flayan firmalara y\u00f6nelik at\u00f6lye ve e\u011fitim programlar\u0131 ile dijital \u00e7a\u011fa uyum sa\u011flamalar\u0131n\u0131 kolayla\u015ft\u0131r\u0131yoruz.<\/span><\/li><li><b>Marka Lokalizasyon Dan\u0131\u015fmanl\u0131\u011f\u0131:<\/b><span style=\"font-weight: 400\"> Hedef \u00fclkeye g\u00f6re marka ismi, ambalaj, web sitesi lokalizasyonu gibi adaptasyon konular\u0131nda uzman g\u00f6r\u00fc\u015f sunuyoruz.<\/span><\/li><\/ul>            \t\t\r\n            \t<\/div>\r\n        \t        <\/div>\r\n        \t\t\t\t<\/div>\n\t\t\t\t<\/div>\n\t\t\t\t<section class=\"elementor-section elementor-inner-section elementor-element elementor-element-766d6f3a elementor-section-boxed elementor-section-height-default elementor-section-height-default\" data-id=\"766d6f3a\" data-element_type=\"section\">\n\t\t\t\t\t\t<div class=\"elementor-container elementor-column-gap-default\">\n\t\t\t\t\t<div class=\"elementor-column elementor-col-33 elementor-inner-column elementor-element elementor-element-63d2d200\" data-id=\"63d2d200\" data-element_type=\"column\">\n\t\t\t<div class=\"elementor-widget-wrap elementor-element-populated\">\n\t\t\t\t\t\t<div class=\"elementor-element elementor-element-668a9d66 elementor-widget elementor-widget-rt-service-grid\" data-id=\"668a9d66\" data-element_type=\"widget\" data-widget_type=\"rt-service-grid.default\">\n\t\t\t\t<div class=\"elementor-widget-container\">\n\t\t\t\t\t<div class=\"react-addon-services services-style6\">\r\n    <div class=\"services-part\">\r\n    \t\t\t    \t\t       \r\n\t    <div class=\"services-text\">\r\n\t    \t\t    \t\t<h2 class=\"shadow-text stroke\">01<\/h2>\r\n\t    \t\t    \t\t    \t\t<div class=\"services-icon\">\r\n\t\t    \t\t\t\t    \t\t\t\t    \t\t\t<img decoding=\"async\" src=\"https:\/\/reactheme.com\/products\/wordpress\/finanix\/wp-content\/uploads\/2022\/03\/s-icon13.png\" alt=\"image\"\/>\r\n\t\t    \t\t\t    \t\t<\/div>\t\r\n\t    \t\t    \t\t\t    \t<div class=\"services-title\">\t\t    \t\t\r\n\t\t    \t\t\r\n\t\t    \t\t\t\t    \t\t\t<h2 class=\"title\">\t E-\u0130hracat ve Dijital D\u00f6n\u00fc\u015f\u00fcm E\u011fitimleri<\/h2>\r\n\t\t    \t\t\t\t\t\t    \t\t\r\n\t\t    \t<\/div>\r\n\t    \t\t\r\n\r\n\t    \t\t\r\n\r\n\t    \t\r\n\t    <\/div>\r\n    \t\r\n\t<\/div>\r\n<\/div>\t\t\t\t<\/div>\n\t\t\t\t<\/div>\n\t\t\t\t\t<\/div>\n\t\t<\/div>\n\t\t\t\t<div class=\"elementor-column elementor-col-33 elementor-inner-column elementor-element elementor-element-f7494e6\" data-id=\"f7494e6\" data-element_type=\"column\">\n\t\t\t<div class=\"elementor-widget-wrap elementor-element-populated\">\n\t\t\t\t\t\t<div class=\"elementor-element elementor-element-2932a410 elementor-widget elementor-widget-rt-service-grid\" data-id=\"2932a410\" data-element_type=\"widget\" data-widget_type=\"rt-service-grid.default\">\n\t\t\t\t<div class=\"elementor-widget-container\">\n\t\t\t\t\t<div class=\"react-addon-services services-style6\">\r\n    <div class=\"services-part\">\r\n    \t\t\t    \t\t       \r\n\t    <div class=\"services-text\">\r\n\t    \t\t    \t\t<h2 class=\"shadow-text stroke\">02<\/h2>\r\n\t    \t\t    \t\t    \t\t<div class=\"services-icon\">\r\n\t\t    \t\t\t\t    \t\t\t\t    \t\t\t<img decoding=\"async\" src=\"https:\/\/reactheme.com\/products\/wordpress\/finanix\/wp-content\/uploads\/2022\/03\/s-icon14.png\" alt=\"image\"\/>\r\n\t\t    \t\t\t    \t\t<\/div>\t\r\n\t    \t\t    \t\t\t    \t<div class=\"services-title\">\t\t    \t\t\r\n\t\t    \t\t\r\n\t\t    \t\t\t\t    \t\t\t<h2 class=\"title\">\t Hedef Pazara Uyum ve Marka Lokalizasyonu<\/h2>\r\n\t\t    \t\t\t\t\t\t    \t\t\r\n\t\t    \t<\/div>\r\n\t    \t\t\r\n\r\n\t    \t\t\r\n\r\n\t    \t\r\n\t    <\/div>\r\n    \t\r\n\t<\/div>\r\n<\/div>\t\t\t\t<\/div>\n\t\t\t\t<\/div>\n\t\t\t\t\t<\/div>\n\t\t<\/div>\n\t\t\t\t<div class=\"elementor-column elementor-col-33 elementor-inner-column elementor-element elementor-element-7e9b2cf0\" data-id=\"7e9b2cf0\" data-element_type=\"column\">\n\t\t\t<div class=\"elementor-widget-wrap elementor-element-populated\">\n\t\t\t\t\t\t<div class=\"elementor-element elementor-element-3c2152ba elementor-widget elementor-widget-rt-service-grid\" data-id=\"3c2152ba\" data-element_type=\"widget\" data-widget_type=\"rt-service-grid.default\">\n\t\t\t\t<div class=\"elementor-widget-container\">\n\t\t\t\t\t<div class=\"react-addon-services services-style6\">\r\n    <div class=\"services-part\">\r\n    \t\t\t    \t\t       \r\n\t    <div class=\"services-text\">\r\n\t    \t\t    \t\t<h2 class=\"shadow-text stroke\">03<\/h2>\r\n\t    \t\t    \t\t    \t\t<div class=\"services-icon\">\r\n\t\t    \t\t\t\t    \t\t\t\t    \t\t\t<img decoding=\"async\" src=\"https:\/\/reactheme.com\/products\/wordpress\/finanix\/wp-content\/uploads\/2022\/03\/s-icon15.png\" alt=\"image\"\/>\r\n\t\t    \t\t\t    \t\t<\/div>\t\r\n\t    \t\t    \t\t\t    \t<div class=\"services-title\">\t\t    \t\t\r\n\t\t    \t\t\r\n\t\t    \t\t\t\t    \t\t\t<h2 class=\"title\">\t Stratejik Adaptasyon ve Uzman Dan\u0131\u015fmanl\u0131k<\/h2>\r\n\t\t    \t\t\t\t\t\t    \t\t\r\n\t\t    \t<\/div>\r\n\t    \t\t\r\n\r\n\t    \t\t\r\n\r\n\t    \t\r\n\t    <\/div>\r\n    \t\r\n\t<\/div>\r\n<\/div>\t\t\t\t<\/div>\n\t\t\t\t<\/div>\n\t\t\t\t\t<\/div>\n\t\t<\/div>\n\t\t\t\t\t<\/div>\n\t\t<\/section>\n\t\t\t\t<div class=\"elementor-element elementor-element-6387754 elementor-widget elementor-widget-text-editor\" data-id=\"6387754\" data-element_type=\"widget\" data-widget_type=\"text-editor.default\">\n\t\t\t\t\t\t\t\t\t<p>\u0130hracata yeni ba\u015flayan firmalar i\u00e7in at\u00f6lye ve e\u011fitim programlar\u0131yla dijital ticaret s\u00fcre\u00e7lerine h\u0131zl\u0131 uyum sa\u011fl\u0131yoruz. Hedef \u00fclkeye g\u00f6re marka ismi, ambalaj ve web sitesi gibi unsurlar\u0131 yerel pazara uygun hale getirmenize destek oluyoruz. Uluslararas\u0131 pazarlarda g\u00fc\u00e7l\u00fc bir marka alg\u0131s\u0131 olu\u015fturman\u0131z i\u00e7in adaptasyon s\u00fcre\u00e7lerinde uzman g\u00f6r\u00fc\u015f ve rehberlik sunuyoruz.<\/p>\t\t\t\t\t\t\t\t<\/div>\n\t\t\t\t<section class=\"elementor-section elementor-inner-section elementor-element elementor-element-53f9ee73 elementor-section-boxed elementor-section-height-default elementor-section-height-default\" data-id=\"53f9ee73\" data-element_type=\"section\" data-settings=\"{&quot;background_background&quot;:&quot;classic&quot;}\">\n\t\t\t\t\t\t<div class=\"elementor-container elementor-column-gap-default\">\n\t\t\t\t\t<div class=\"elementor-column elementor-col-100 elementor-inner-column elementor-element elementor-element-b411841\" data-id=\"b411841\" data-element_type=\"column\">\n\t\t\t<div class=\"elementor-widget-wrap elementor-element-populated\">\n\t\t\t\t\t\t<div class=\"elementor-element elementor-element-cff28d2 elementor-widget elementor-widget-image\" data-id=\"cff28d2\" data-element_type=\"widget\" data-widget_type=\"image.default\">\n\t\t\t\t\t\t\t\t\t\t\t\t\t\t\t<img decoding=\"async\" width=\"80\" height=\"62\" src=\"https:\/\/tradebridge-intl.com\/wp-content\/uploads\/2022\/03\/quote-sm.png\" class=\"attachment-large size-large wp-image-3029\" alt=\"\" \/>\t\t\t\t\t\t\t\t\t\t\t\t\t\t\t<\/div>\n\t\t\t\t<div class=\"elementor-element elementor-element-61ff0459 elementor-widget elementor-widget-testimonial\" data-id=\"61ff0459\" data-element_type=\"widget\" data-widget_type=\"testimonial.default\">\n\t\t\t\t\t\t\t<div class=\"elementor-testimonial-wrapper\">\n\t\t\t\t\t\t\t<div class=\"elementor-testimonial-content\">TBI Trade Bridge International ile \u00e7al\u0131\u015fmak, ihracat s\u00fcre\u00e7lerimizde netlik ve g\u00fcven kazanmam\u0131z\u0131 sa\u011flad\u0131. Veri odakl\u0131 yakla\u015f\u0131mlar\u0131, h\u0131zl\u0131 geri d\u00f6n\u00fc\u015fleri ve \u00e7\u00f6z\u00fcm odakl\u0131 ekipleri sayesinde hedef pazarlara daha bilin\u00e7li ad\u0131mlar att\u0131k. S\u00fcrecin her a\u015famas\u0131nda \u015feffaf ve profesyonel bir ileti\u015fim kurarak, ihracat operasyonumuzu daha verimli ve s\u00fcrd\u00fcr\u00fclebilir hale getirdiler.<\/div>\n\t\t\t\n\t\t\t\t\t\t<div class=\"elementor-testimonial-meta elementor-has-image elementor-testimonial-image-position-aside\">\n\t\t\t\t<div class=\"elementor-testimonial-meta-inner\">\n\t\t\t\t\t\t\t\t\t\t\t<div class=\"elementor-testimonial-image\">\n\t\t\t\t\t\t\t<img decoding=\"async\" width=\"610\" height=\"660\" src=\"https:\/\/tradebridge-intl.com\/wp-content\/uploads\/2022\/03\/team-4.jpg\" class=\"attachment-full size-full wp-image-3328\" alt=\"\" srcset=\"https:\/\/tradebridge-intl.com\/wp-content\/uploads\/2022\/03\/team-4.jpg 610w, https:\/\/tradebridge-intl.com\/wp-content\/uploads\/2022\/03\/team-4-277x300.jpg 277w\" sizes=\"(max-width: 610px) 100vw, 610px\" \/>\t\t\t\t\t\t<\/div>\n\t\t\t\t\t\n\t\t\t\t\t\t\t\t\t\t<div class=\"elementor-testimonial-details\">\n\t\t\t\t\t\t\t\t\t\t\t\t\t\t<div class=\"elementor-testimonial-name\">Laura Schneider<\/div>\n\t\t\t\t\t\t\t\t\t\t\t\t\t\t\t\t\t\t\t\t\t\t<div class=\"elementor-testimonial-job\">EuroLink Trade GmbH \u2013 Germany \ud83c\udde9\ud83c\uddea<\/div>\n\t\t\t\t\t\t\t\t\t\t\t\t\t<\/div>\n\t\t\t\t\t\t\t\t\t<\/div>\n\t\t\t<\/div>\n\t\t\t\t\t<\/div>\n\t\t\t\t\t\t<\/div>\n\t\t\t\t\t<\/div>\n\t\t<\/div>\n\t\t\t\t\t<\/div>\n\t\t<\/section>\n\t\t\t\t<div class=\"elementor-element elementor-element-5f7b4773 elementor-widget elementor-widget-text-editor\" data-id=\"5f7b4773\" data-element_type=\"widget\" data-widget_type=\"text-editor.default\">\n\t\t\t\t\t\t\t\t\t<p>Veri odakl\u0131 \u00e7\u00f6z\u00fcmlerle ihracat s\u00fcre\u00e7lerini kolayla\u015ft\u0131r\u0131yor, firmalar\u0131n global pazarlarda g\u00fcvenle b\u00fcy\u00fcmesini sa\u011fl\u0131yoruz.<\/p>\t\t\t\t\t\t\t\t<\/div>\n\t\t\t\t\t<\/div>\n\t\t<\/div>\n\t\t\t\t<div class=\"elementor-column elementor-col-33 elementor-top-column elementor-element elementor-element-2f7ec31b\" data-id=\"2f7ec31b\" data-element_type=\"column\">\n\t\t\t<div class=\"elementor-widget-wrap elementor-element-populated\">\n\t\t\t\t\t\t<section class=\"elementor-section elementor-inner-section elementor-element elementor-element-c52fc99 elementor-section-boxed elementor-section-height-default elementor-section-height-default\" data-id=\"c52fc99\" data-element_type=\"section\">\n\t\t\t\t\t\t<div class=\"elementor-container elementor-column-gap-default\">\n\t\t\t\t\t<div class=\"elementor-column elementor-col-100 elementor-inner-column elementor-element elementor-element-89350dc\" data-id=\"89350dc\" data-element_type=\"column\">\n\t\t\t<div class=\"elementor-widget-wrap elementor-element-populated\">\n\t\t\t\t\t\t<div class=\"elementor-element elementor-element-5b27f08 elementor-widget elementor-widget-react-heading\" data-id=\"5b27f08\" data-element_type=\"widget\" data-widget_type=\"react-heading.default\">\n\t\t\t\t<div class=\"elementor-widget-container\">\n\t\t\t\t\t        <div class=\"react-heading style2\">\r\n        \t<div class=\"title-inner\">        \t\t      \t\t\r\n\t            <span class=\"sub-text \">Kategoriler<\/span><h4 class=\"title\"><span class=\"watermark\"><\/span>Hizmetlerimiz<\/h4>\t        <\/div>\r\n\t                <\/div>\r\n        \t\t\t\t<\/div>\n\t\t\t\t<\/div>\n\t\t\t\t\t<\/div>\n\t\t<\/div>\n\t\t\t\t\t<\/div>\n\t\t<\/section>\n\t\t\t\t<section class=\"elementor-section elementor-inner-section elementor-element elementor-element-faa2a1c elementor-section-boxed elementor-section-height-default elementor-section-height-default\" data-id=\"faa2a1c\" data-element_type=\"section\">\n\t\t\t\t\t\t<div class=\"elementor-container elementor-column-gap-default\">\n\t\t\t\t\t<div class=\"elementor-column elementor-col-100 elementor-inner-column elementor-element elementor-element-52fef22\" data-id=\"52fef22\" data-element_type=\"column\">\n\t\t\t<div class=\"elementor-widget-wrap elementor-element-populated\">\n\t\t\t\t\t\t<div class=\"elementor-element elementor-element-2fc6f74 elementor-widget elementor-widget-react-heading\" data-id=\"2fc6f74\" data-element_type=\"widget\" data-widget_type=\"react-heading.default\">\n\t\t\t\t<div class=\"elementor-widget-container\">\n\t\t\t\t\t        <div class=\"react-heading style2\">\r\n        \t<div class=\"title-inner\">        \t\t      \t\t\r\n\t            <span class=\"sub-text \">\u0130leti\u015fim<\/span><h4 class=\"title\"><span class=\"watermark\"><\/span>Merhaba<\/h4>\t        <\/div>\r\n\t                <\/div>\r\n        \t\t\t\t<\/div>\n\t\t\t\t<\/div>\n\t\t\t\t<div class=\"elementor-element elementor-element-ed26442 elementor-widget elementor-widget-rt-cf7\" data-id=\"ed26442\" data-element_type=\"widget\" data-widget_type=\"rt-cf7.default\">\n\t\t\t\t<div class=\"elementor-widget-container\">\n\t\t\t\t\t<div class=\"form_btn_\">\n<div class=\"wpcf7 no-js\" id=\"wpcf7-f3092-o1\" lang=\"en-US\" dir=\"ltr\" data-wpcf7-id=\"3092\">\n<div class=\"screen-reader-response\"><p role=\"status\" aria-live=\"polite\" aria-atomic=\"true\"><\/p> <ul><\/ul><\/div>\n<form action=\"\/index.php\/wp-json\/wp\/v2\/pages\/987#wpcf7-f3092-o1\" method=\"post\" class=\"wpcf7-form init\" aria-label=\"Contact form\" novalidate=\"novalidate\" data-status=\"init\">\n<fieldset class=\"hidden-fields-container\"><input type=\"hidden\" name=\"_wpcf7\" value=\"3092\" \/><input type=\"hidden\" name=\"_wpcf7_version\" value=\"6.1.4\" \/><input type=\"hidden\" name=\"_wpcf7_locale\" value=\"en_US\" \/><input type=\"hidden\" name=\"_wpcf7_unit_tag\" value=\"wpcf7-f3092-o1\" \/><input type=\"hidden\" name=\"_wpcf7_container_post\" value=\"0\" \/><input type=\"hidden\" name=\"_wpcf7_posted_data_hash\" value=\"\" \/>\n<\/fieldset>\n<div class=\"row contact-form\">\n\t<div class=\"col-lg-12 col-md-12\">\n\t\t<div class=\"input-box\">\n\t\t\t<p><span class=\"wpcf7-form-control-wrap\" data-name=\"your-name\"><input size=\"40\" maxlength=\"400\" class=\"wpcf7-form-control wpcf7-text wpcf7-validates-as-required\" aria-required=\"true\" aria-invalid=\"false\" placeholder=\"Full Name\" value=\"\" type=\"text\" name=\"your-name\" \/><\/span>\n\t\t\t<\/p>\n\t\t<\/div>\n\t<\/div>\n\t<div class=\"col-lg-12 col-md-12\">\n\t\t<div class=\"input-box mail\">\n\t\t\t<p><span class=\"wpcf7-form-control-wrap\" data-name=\"your-email\"><input size=\"40\" maxlength=\"400\" class=\"wpcf7-form-control wpcf7-email wpcf7-validates-as-required wpcf7-text wpcf7-validates-as-email\" aria-required=\"true\" aria-invalid=\"false\" placeholder=\"Email Address\" value=\"\" type=\"email\" name=\"your-email\" \/><\/span>\n\t\t\t<\/p>\n\t\t<\/div>\n\t<\/div>\n\t<div class=\"col-lg-12 col-md-12\">\n\t\t<div class=\"input-box subject\">\n\t\t\t<p><span class=\"wpcf7-form-control-wrap\" data-name=\"your-subject\"><input size=\"40\" maxlength=\"400\" class=\"wpcf7-form-control wpcf7-text wpcf7-validates-as-required\" aria-required=\"true\" aria-invalid=\"false\" placeholder=\"Subject\" value=\"\" type=\"text\" name=\"your-subject\" \/><\/span>\n\t\t\t<\/p>\n\t\t<\/div>\n\t<\/div>\n\t<div class=\"col-12\">\n\t\t<div class=\"input-box text-area\">\n\t\t\t<p><span class=\"wpcf7-form-control-wrap\" data-name=\"your-message\"><textarea cols=\"40\" rows=\"10\" maxlength=\"2000\" class=\"wpcf7-form-control wpcf7-textarea\" aria-invalid=\"false\" placeholder=\"Message\" name=\"your-message\"><\/textarea><\/span>\n\t\t\t<\/p>\n\t\t<\/div>\n\t<\/div>\n\t<div class=\"col-12\">\n\t\t<p><input class=\"wpcf7-form-control wpcf7-submit has-spinner\" type=\"submit\" value=\"Get A Quote\" \/>\n\t\t<\/p>\n\t<\/div>\n<\/div><div class=\"wpcf7-response-output\" aria-hidden=\"true\"><\/div>\n<\/form>\n<\/div>\n<\/div>\t\t\t\t<\/div>\n\t\t\t\t<\/div>\n\t\t\t\t\t<\/div>\n\t\t<\/div>\n\t\t\t\t\t<\/div>\n\t\t<\/section>\n\t\t\t\t<section class=\"elementor-section elementor-inner-section elementor-element elementor-element-924d0a7 elementor-section-boxed elementor-section-height-default elementor-section-height-default\" data-id=\"924d0a7\" data-element_type=\"section\" data-settings=\"{&quot;background_background&quot;:&quot;classic&quot;}\">\n\t\t\t\t\t\t\t<div class=\"elementor-background-overlay\"><\/div>\n\t\t\t\t\t\t\t<div class=\"elementor-container elementor-column-gap-default\">\n\t\t\t\t\t<div class=\"elementor-column elementor-col-100 elementor-inner-column elementor-element elementor-element-8d97fa2\" data-id=\"8d97fa2\" data-element_type=\"column\">\n\t\t\t<div class=\"elementor-widget-wrap elementor-element-populated\">\n\t\t\t\t\t\t<div class=\"elementor-element elementor-element-ac93628 elementor-widget elementor-widget-image\" data-id=\"ac93628\" data-element_type=\"widget\" data-widget_type=\"image.default\">\n\t\t\t\t\t\t\t\t\t\t\t\t\t\t\t<img loading=\"lazy\" decoding=\"async\" width=\"605\" height=\"150\" src=\"https:\/\/tradebridge-intl.com\/wp-content\/uploads\/2026\/01\/tradebridge_logo_wht_rgb.png\" class=\"attachment-large size-large wp-image-5318\" alt=\"\" srcset=\"https:\/\/tradebridge-intl.com\/wp-content\/uploads\/2026\/01\/tradebridge_logo_wht_rgb.png 605w, https:\/\/tradebridge-intl.com\/wp-content\/uploads\/2026\/01\/tradebridge_logo_wht_rgb-300x74.png 300w\" sizes=\"(max-width: 605px) 100vw, 605px\" \/>\t\t\t\t\t\t\t\t\t\t\t\t\t\t\t<\/div>\n\t\t\t\t<div class=\"elementor-element elementor-element-73a0d4c elementor-widget elementor-widget-react-heading\" data-id=\"73a0d4c\" data-element_type=\"widget\" data-widget_type=\"react-heading.default\">\n\t\t\t\t<div class=\"elementor-widget-container\">\n\t\t\t\t\t        <div class=\"react-heading default\">\r\n        \t<div class=\"title-inner\">        \t\t      \t\t\r\n\t            <span class=\"sub-text \">+90 (507) 425 08 52<\/span><h2 class=\"title\"><span class=\"watermark\"><\/span>Dan\u0131\u015fmanl\u0131k Al\u0131n<\/h2>\t        <\/div>\r\n\t                <\/div>\r\n        \t\t\t\t<\/div>\n\t\t\t\t<\/div>\n\t\t\t\t<div class=\"elementor-element elementor-element-5af12ce elementor-align-center elementor-widget elementor-widget-button\" data-id=\"5af12ce\" data-element_type=\"widget\" data-widget_type=\"button.default\">\n\t\t\t\t\t\t\t\t\t\t<a class=\"elementor-button elementor-button-link elementor-size-sm\" href=\"#\">\n\t\t\t\t\t\t<span class=\"elementor-button-content-wrapper\">\n\t\t\t\t\t\t\t\t\t<span class=\"elementor-button-text\">\u0130leti\u015fim<\/span>\n\t\t\t\t\t<\/span>\n\t\t\t\t\t<\/a>\n\t\t\t\t\t\t\t\t<\/div>\n\t\t\t\t\t<\/div>\n\t\t<\/div>\n\t\t\t\t\t<\/div>\n\t\t<\/section>\n\t\t\t\t\t<\/div>\n\t\t<\/div>\n\t\t\t\t\t<\/div>\n\t\t<\/section>\n\t\t\t\t<\/div>\n\t\t","protected":false},"excerpt":{"rendered":"<p>Di\u011fer Hizmetler (E\u011fitim, Marka Lokalizasyonu, vb.): E-ihracat ve Dijital D\u00f6n\u00fc\u015f\u00fcm E\u011fitimi: \u0130hracata yeni ba\u015flayan firmalara y\u00f6nelik at\u00f6lye ve e\u011fitim programlar\u0131 ile dijital \u00e7a\u011fa uyum sa\u011flamalar\u0131n\u0131 kolayla\u015ft\u0131r\u0131yoruz. Marka Lokalizasyon Dan\u0131\u015fmanl\u0131\u011f\u0131: Hedef \u00fclkeye g\u00f6re marka ismi, ambalaj, web sitesi lokalizasyonu gibi adaptasyon konular\u0131nda uzman g\u00f6r\u00fc\u015f sunuyoruz. 01 E-\u0130hracat ve Dijital D\u00f6n\u00fc\u015f\u00fcm E\u011fitimleri 02 Hedef Pazara Uyum ve&#8230;<\/p>\n","protected":false},"author":1,"featured_media":0,"parent":0,"menu_order":0,"comment_status":"closed","ping_status":"closed","template":"","meta":{"footnotes":""},"class_list":["post-987","page","type-page","status-publish","hentry"],"_links":{"self":[{"href":"https:\/\/tradebridge-intl.com\/index.php\/wp-json\/wp\/v2\/pages\/987","targetHints":{"allow":["GET"]}}],"collection":[{"href":"https:\/\/tradebridge-intl.com\/index.php\/wp-json\/wp\/v2\/pages"}],"about":[{"href":"https:\/\/tradebridge-intl.com\/index.php\/wp-json\/wp\/v2\/types\/page"}],"author":[{"embeddable":true,"href":"https:\/\/tradebridge-intl.com\/index.php\/wp-json\/wp\/v2\/users\/1"}],"replies":[{"embeddable":true,"href":"https:\/\/tradebridge-intl.com\/index.php\/wp-json\/wp\/v2\/comments?post=987"}],"version-history":[{"count":14,"href":"https:\/\/tradebridge-intl.com\/index.php\/wp-json\/wp\/v2\/pages\/987\/revisions"}],"predecessor-version":[{"id":5450,"href":"https:\/\/tradebridge-intl.com\/index.php\/wp-json\/wp\/v2\/pages\/987\/revisions\/5450"}],"wp:attachment":[{"href":"https:\/\/tradebridge-intl.com\/index.php\/wp-json\/wp\/v2\/media?parent=987"}],"curies":[{"name":"wp","href":"https:\/\/api.w.org\/{rel}","templated":true}]}}