{"id":989,"date":"2022-02-22T10:20:07","date_gmt":"2022-02-22T10:20:07","guid":{"rendered":"http:\/\/localhost\/finanix\/?page_id=989"},"modified":"2026-01-15T08:09:49","modified_gmt":"2026-01-15T08:09:49","slug":"ihracat-danismanligi","status":"publish","type":"page","link":"https:\/\/tradebridge-intl.com\/index.php\/ihracat-danismanligi\/","title":{"rendered":"\u0130hracat Dan\u0131\u015fmanl\u0131\u011f\u0131"},"content":{"rendered":"\t\t<div data-elementor-type=\"wp-page\" data-elementor-id=\"989\" class=\"elementor elementor-989\">\n\t\t\t\t\t\t<section class=\"elementor-section elementor-top-section elementor-element elementor-element-efb4fb4 elementor-section-boxed elementor-section-height-default elementor-section-height-default\" data-id=\"efb4fb4\" data-element_type=\"section\">\n\t\t\t\t\t\t<div class=\"elementor-container elementor-column-gap-default\">\n\t\t\t\t\t<div class=\"elementor-column elementor-col-66 elementor-top-column elementor-element elementor-element-64fb94a\" data-id=\"64fb94a\" data-element_type=\"column\">\n\t\t\t<div class=\"elementor-widget-wrap elementor-element-populated\">\n\t\t\t\t\t\t<div class=\"elementor-element elementor-element-6e4d450 elementor-widget elementor-widget-image\" data-id=\"6e4d450\" data-element_type=\"widget\" data-widget_type=\"image.default\">\n\t\t\t\t\t\t\t\t\t\t\t\t\t\t\t<img fetchpriority=\"high\" decoding=\"async\" width=\"640\" height=\"349\" src=\"https:\/\/tradebridge-intl.com\/wp-content\/uploads\/2022\/03\/service-7.jpg\" class=\"attachment-large size-large wp-image-2910\" alt=\"\" srcset=\"https:\/\/tradebridge-intl.com\/wp-content\/uploads\/2022\/03\/service-7.jpg 880w, https:\/\/tradebridge-intl.com\/wp-content\/uploads\/2022\/03\/service-7-300x164.jpg 300w, https:\/\/tradebridge-intl.com\/wp-content\/uploads\/2022\/03\/service-7-768x419.jpg 768w\" sizes=\"(max-width: 640px) 100vw, 640px\" \/>\t\t\t\t\t\t\t\t\t\t\t\t\t\t\t<\/div>\n\t\t\t\t<div class=\"elementor-element elementor-element-b6404fb elementor-widget elementor-widget-react-heading\" data-id=\"b6404fb\" data-element_type=\"widget\" data-widget_type=\"react-heading.default\">\n\t\t\t\t<div class=\"elementor-widget-container\">\n\t\t\t\t\t        <div class=\"react-heading default\">\r\n        \t<div class=\"title-inner\">        \t\t      \t\t\r\n\t            <h3 class=\"title\"><span class=\"watermark\"><\/span>\u0130hracat Dan\u0131\u015fmanl\u0131\u011f\u0131<\/h3>\t        <\/div>\r\n\t                    \t<div class=\"description\">\r\n            \t\t<p class=\"mb-30\"><span style=\"font-weight: 400\">K\u00fcresel pazarlara a\u00e7\u0131lmak isteyen firmalara u\u00e7tan uca dan\u0131\u015fmanl\u0131k deste\u011fi veriyoruz. Uzman ekibimiz, \u015firketinizin ihracat olgunlu\u011funu analiz eder, hedef pazar stratejisi olu\u015fturur ve gerekli aksiyon planlar\u0131n\u0131 birlikte hayata ge\u00e7irir. <\/span><b>Pazara giri\u015f, distrib\u00fct\u00f6r\/al\u0131c\u0131 bulunmas\u0131, g\u00fcmr\u00fck ve lojistik s\u00fcre\u00e7 y\u00f6netimi<\/b><span style=\"font-weight: 400\"> gibi konularda deneyimli dan\u0131\u015fmanlar\u0131m\u0131z yol g\u00f6stererek riskleri en aza indirir, ba\u015far\u0131l\u0131 bir ihracat operasyonu kurman\u0131za yard\u0131mc\u0131 olur.<\/span><\/p>            \t\t\r\n            \t<\/div>\r\n        \t        <\/div>\r\n        \t\t\t\t<\/div>\n\t\t\t\t<\/div>\n\t\t\t\t<section class=\"elementor-section elementor-inner-section elementor-element elementor-element-ff9e5b8 elementor-section-boxed elementor-section-height-default elementor-section-height-default\" data-id=\"ff9e5b8\" data-element_type=\"section\">\n\t\t\t\t\t\t<div class=\"elementor-container elementor-column-gap-default\">\n\t\t\t\t\t<div class=\"elementor-column elementor-col-33 elementor-inner-column elementor-element elementor-element-58ab030\" data-id=\"58ab030\" data-element_type=\"column\">\n\t\t\t<div class=\"elementor-widget-wrap elementor-element-populated\">\n\t\t\t\t\t\t<div class=\"elementor-element elementor-element-9f06847 elementor-widget elementor-widget-rt-service-grid\" data-id=\"9f06847\" data-element_type=\"widget\" data-widget_type=\"rt-service-grid.default\">\n\t\t\t\t<div class=\"elementor-widget-container\">\n\t\t\t\t\t<div class=\"react-addon-services services-style6\">\r\n    <div class=\"services-part\">\r\n    \t\t\t    \t\t       \r\n\t    <div class=\"services-text\">\r\n\t    \t\t    \t\t<h2 class=\"shadow-text stroke\">01<\/h2>\r\n\t    \t\t    \t\t    \t\t<div class=\"services-icon\">\r\n\t\t    \t\t\t\t    \t\t\t\t    \t\t\t<img decoding=\"async\" src=\"https:\/\/reactheme.com\/products\/wordpress\/finanix\/wp-content\/uploads\/2022\/03\/s-icon13.png\" alt=\"image\"\/>\r\n\t\t    \t\t\t    \t\t<\/div>\t\r\n\t    \t\t    \t\t\t    \t<div class=\"services-title\">\t\t    \t\t\r\n\t\t    \t\t\r\n\t\t    \t\t\t\t    \t\t\t<h2 class=\"title\">\t \u0130hracat Olgunluk Analizi, Stratejik Planlama<\/h2>\r\n\t\t    \t\t\t\t\t\t    \t\t\r\n\t\t    \t<\/div>\r\n\t    \t\t\r\n\r\n\t    \t\t\r\n\r\n\t    \t\r\n\t    <\/div>\r\n    \t\r\n\t<\/div>\r\n<\/div>\t\t\t\t<\/div>\n\t\t\t\t<\/div>\n\t\t\t\t\t<\/div>\n\t\t<\/div>\n\t\t\t\t<div class=\"elementor-column elementor-col-33 elementor-inner-column elementor-element elementor-element-f4a77df\" data-id=\"f4a77df\" data-element_type=\"column\">\n\t\t\t<div class=\"elementor-widget-wrap elementor-element-populated\">\n\t\t\t\t\t\t<div class=\"elementor-element elementor-element-d070586 elementor-widget elementor-widget-rt-service-grid\" data-id=\"d070586\" data-element_type=\"widget\" data-widget_type=\"rt-service-grid.default\">\n\t\t\t\t<div class=\"elementor-widget-container\">\n\t\t\t\t\t<div class=\"react-addon-services services-style6\">\r\n    <div class=\"services-part\">\r\n    \t\t\t    \t\t       \r\n\t    <div class=\"services-text\">\r\n\t    \t\t    \t\t<h2 class=\"shadow-text stroke\">02<\/h2>\r\n\t    \t\t    \t\t    \t\t<div class=\"services-icon\">\r\n\t\t    \t\t\t\t    \t\t\t\t    \t\t\t<img decoding=\"async\" src=\"https:\/\/reactheme.com\/products\/wordpress\/finanix\/wp-content\/uploads\/2022\/03\/s-icon14.png\" alt=\"image\"\/>\r\n\t\t    \t\t\t    \t\t<\/div>\t\r\n\t    \t\t    \t\t\t    \t<div class=\"services-title\">\t\t    \t\t\r\n\t\t    \t\t\r\n\t\t    \t\t\t\t    \t\t\t<h2 class=\"title\">\t Pazara Giri\u015f &amp; Al\u0131c\u0131 \/ Distrib\u00fct\u00f6r Bulma<\/h2>\r\n\t\t    \t\t\t\t\t\t    \t\t\r\n\t\t    \t<\/div>\r\n\t    \t\t\r\n\r\n\t    \t\t\r\n\r\n\t    \t\r\n\t    <\/div>\r\n    \t\r\n\t<\/div>\r\n<\/div>\t\t\t\t<\/div>\n\t\t\t\t<\/div>\n\t\t\t\t\t<\/div>\n\t\t<\/div>\n\t\t\t\t<div class=\"elementor-column elementor-col-33 elementor-inner-column elementor-element elementor-element-85404c3\" data-id=\"85404c3\" data-element_type=\"column\">\n\t\t\t<div class=\"elementor-widget-wrap elementor-element-populated\">\n\t\t\t\t\t\t<div class=\"elementor-element elementor-element-183f278 elementor-widget elementor-widget-rt-service-grid\" data-id=\"183f278\" data-element_type=\"widget\" data-widget_type=\"rt-service-grid.default\">\n\t\t\t\t<div class=\"elementor-widget-container\">\n\t\t\t\t\t<div class=\"react-addon-services services-style6\">\r\n    <div class=\"services-part\">\r\n    \t\t\t    \t\t       \r\n\t    <div class=\"services-text\">\r\n\t    \t\t    \t\t<h2 class=\"shadow-text stroke\">03<\/h2>\r\n\t    \t\t    \t\t    \t\t<div class=\"services-icon\">\r\n\t\t    \t\t\t\t    \t\t\t\t    \t\t\t<img decoding=\"async\" src=\"https:\/\/reactheme.com\/products\/wordpress\/finanix\/wp-content\/uploads\/2022\/03\/s-icon15.png\" alt=\"image\"\/>\r\n\t\t    \t\t\t    \t\t<\/div>\t\r\n\t    \t\t    \t\t\t    \t<div class=\"services-title\">\t\t    \t\t\r\n\t\t    \t\t\r\n\t\t    \t\t\t\t    \t\t\t<h2 class=\"title\">\t Operasyonel S\u00fcre\u00e7 Y\u00f6netimi &amp; Risk Azaltma<\/h2>\r\n\t\t    \t\t\t\t\t\t    \t\t\r\n\t\t    \t<\/div>\r\n\t    \t\t\r\n\r\n\t    \t\t\r\n\r\n\t    \t\r\n\t    <\/div>\r\n    \t\r\n\t<\/div>\r\n<\/div>\t\t\t\t<\/div>\n\t\t\t\t<\/div>\n\t\t\t\t\t<\/div>\n\t\t<\/div>\n\t\t\t\t\t<\/div>\n\t\t<\/section>\n\t\t\t\t<div class=\"elementor-element elementor-element-9118468 elementor-widget elementor-widget-text-editor\" data-id=\"9118468\" data-element_type=\"widget\" data-widget_type=\"text-editor.default\">\n\t\t\t\t\t\t\t\t\t<p>Firman\u0131z\u0131n mevcut ihracat seviyesini analiz ediyor, hedef pazarlar\u0131 belirliyor ve uygulanabilir ihracat stratejileri olu\u015fturuyoruz. Hedef pazarlarda do\u011fru al\u0131c\u0131 ve distrib\u00fct\u00f6rleri tespit ederek, pazara giri\u015f s\u00fcrecini h\u0131zl\u0131 ve kontroll\u00fc \u015fekilde y\u00f6netmenizi sa\u011fl\u0131yoruz. G\u00fcmr\u00fck, lojistik ve operasyonel s\u00fcre\u00e7lerde deneyimli dan\u0131\u015fmanlar\u0131m\u0131zla riskleri en aza indiriyor, s\u00fcrd\u00fcr\u00fclebilir ve ba\u015far\u0131l\u0131 bir ihracat operasyonu kurman\u0131za destek oluyoruz.<\/p>\t\t\t\t\t\t\t\t<\/div>\n\t\t\t\t<section class=\"elementor-section elementor-inner-section elementor-element elementor-element-dfb47ee elementor-section-boxed elementor-section-height-default elementor-section-height-default\" data-id=\"dfb47ee\" data-element_type=\"section\" data-settings=\"{&quot;background_background&quot;:&quot;classic&quot;}\">\n\t\t\t\t\t\t<div class=\"elementor-container elementor-column-gap-default\">\n\t\t\t\t\t<div class=\"elementor-column elementor-col-100 elementor-inner-column elementor-element elementor-element-fa28dc5\" data-id=\"fa28dc5\" data-element_type=\"column\">\n\t\t\t<div class=\"elementor-widget-wrap elementor-element-populated\">\n\t\t\t\t\t\t<div class=\"elementor-element elementor-element-e0146bb elementor-widget elementor-widget-image\" data-id=\"e0146bb\" data-element_type=\"widget\" data-widget_type=\"image.default\">\n\t\t\t\t\t\t\t\t\t\t\t\t\t\t\t<img decoding=\"async\" width=\"80\" height=\"62\" src=\"https:\/\/tradebridge-intl.com\/wp-content\/uploads\/2022\/03\/quote-sm.png\" class=\"attachment-large size-large wp-image-3029\" alt=\"\" \/>\t\t\t\t\t\t\t\t\t\t\t\t\t\t\t<\/div>\n\t\t\t\t<div class=\"elementor-element elementor-element-6d3e3fd elementor-widget elementor-widget-testimonial\" data-id=\"6d3e3fd\" data-element_type=\"widget\" data-widget_type=\"testimonial.default\">\n\t\t\t\t\t\t\t<div class=\"elementor-testimonial-wrapper\">\n\t\t\t\t\t\t\t<div class=\"elementor-testimonial-content\">TBI Trade Bridge International ile \u00e7al\u0131\u015fmak, ihracat stratejimizi tamamen de\u011fi\u015ftirdi. T\u00fcrkiye\u2019den tedarik etti\u011fimiz \u00fcr\u00fcnler i\u00e7in do\u011fru pazar analizini yapt\u0131lar ve k\u0131sa s\u00fcrede g\u00fcvenilir i\u015f ortaklar\u0131yla ba\u011flant\u0131 kurmam\u0131z\u0131 sa\u011flad\u0131lar. Profesyonel yakla\u015f\u0131mlar\u0131 ve veri odakl\u0131 \u00e7al\u0131\u015fmalar\u0131 sayesinde s\u00fcreci risksiz ve verimli \u015fekilde y\u00f6nettik.<\/div>\n\t\t\t\n\t\t\t\t\t\t<div class=\"elementor-testimonial-meta elementor-has-image elementor-testimonial-image-position-aside\">\n\t\t\t\t<div class=\"elementor-testimonial-meta-inner\">\n\t\t\t\t\t\t\t\t\t\t\t<div class=\"elementor-testimonial-image\">\n\t\t\t\t\t\t\t<img decoding=\"async\" width=\"60\" height=\"60\" src=\"https:\/\/tradebridge-intl.com\/wp-content\/uploads\/2022\/03\/author-1.png\" class=\"attachment-full size-full wp-image-3039\" alt=\"\" \/>\t\t\t\t\t\t<\/div>\n\t\t\t\t\t\n\t\t\t\t\t\t\t\t\t\t<div class=\"elementor-testimonial-details\">\n\t\t\t\t\t\t\t\t\t\t\t\t\t\t<div class=\"elementor-testimonial-name\">Somchai Rattanakul<\/div>\n\t\t\t\t\t\t\t\t\t\t\t\t\t\t\t\t\t\t\t\t\t\t<div class=\"elementor-testimonial-job\">International Procurement Director Siam Global Trading Co., Ltd. \u2013 Bangkok, Thailand \ud83c\uddf9\ud83c\udded<\/div>\n\t\t\t\t\t\t\t\t\t\t\t\t\t<\/div>\n\t\t\t\t\t\t\t\t\t<\/div>\n\t\t\t<\/div>\n\t\t\t\t\t<\/div>\n\t\t\t\t\t\t<\/div>\n\t\t\t\t\t<\/div>\n\t\t<\/div>\n\t\t\t\t\t<\/div>\n\t\t<\/section>\n\t\t\t\t<div class=\"elementor-element elementor-element-4dfc6e1 elementor-widget elementor-widget-text-editor\" data-id=\"4dfc6e1\" data-element_type=\"widget\" data-widget_type=\"text-editor.default\">\n\t\t\t\t\t\t\t\t\t<p data-start=\"238\" data-end=\"645\">\u0130hracatta ba\u015far\u0131, yaln\u0131zca \u00fcr\u00fcnle de\u011fil; do\u011fru pazar, do\u011fru al\u0131c\u0131 ve do\u011fru stratejiyle m\u00fcmk\u00fcnd\u00fcr. <strong data-start=\"336\" data-end=\"370\">TBI Trade Bridge International<\/strong>, firmalar\u0131n k\u00fcresel pazarlara a\u00e7\u0131lma s\u00fcrecini sezgilere de\u011fil, <strong data-start=\"434\" data-end=\"470\">veriye ve \u00f6l\u00e7\u00fclebilir analizlere<\/strong> dayand\u0131r\u0131r. GT\u0130P kodu bazl\u0131 pazar ara\u015ft\u0131rmalar\u0131, hedef \u00fclkeye \u00f6zel stratejik planlama ve dijital pazarlama g\u00fcc\u00fcn\u00fc bir araya getirerek ihracat s\u00fcre\u00e7lerini u\u00e7tan uca y\u00f6netiriz.<\/p><p data-start=\"647\" data-end=\"1035\">Bizimle \u00e7al\u0131\u015fan firmalar, deneme-yan\u0131lma s\u00fcrecinde zaman ve b\u00fct\u00e7e kaybetmez. Do\u011fru pazara, do\u011fru kanaldan ve do\u011fru al\u0131c\u0131yla ula\u015fmalar\u0131n\u0131 sa\u011flayarak riskleri en aza indirir; s\u00fcrd\u00fcr\u00fclebilir ve \u00f6l\u00e7eklenebilir bir ihracat modeli kurmalar\u0131na destek oluruz. TBI olarak amac\u0131m\u0131z, yaln\u0131zca dan\u0131\u015fmanl\u0131k vermek de\u011fil, <strong data-start=\"955\" data-end=\"1035\">i\u015f ortaklar\u0131m\u0131z\u0131n global pazarlarda kal\u0131c\u0131 ba\u015far\u0131 elde etmesini sa\u011flamakt\u0131r.<\/strong><\/p>\t\t\t\t\t\t\t\t<\/div>\n\t\t\t\t\t<\/div>\n\t\t<\/div>\n\t\t\t\t<div class=\"elementor-column elementor-col-33 elementor-top-column elementor-element elementor-element-37af597\" data-id=\"37af597\" data-element_type=\"column\">\n\t\t\t<div class=\"elementor-widget-wrap elementor-element-populated\">\n\t\t\t\t\t\t<section class=\"elementor-section elementor-inner-section elementor-element elementor-element-8f11a59 elementor-section-boxed elementor-section-height-default elementor-section-height-default\" data-id=\"8f11a59\" data-element_type=\"section\">\n\t\t\t\t\t\t<div class=\"elementor-container elementor-column-gap-default\">\n\t\t\t\t\t<div class=\"elementor-column elementor-col-100 elementor-inner-column elementor-element elementor-element-ad1a7f4\" data-id=\"ad1a7f4\" data-element_type=\"column\">\n\t\t\t<div class=\"elementor-widget-wrap elementor-element-populated\">\n\t\t\t\t\t\t<div class=\"elementor-element elementor-element-6600d4c elementor-widget elementor-widget-react-heading\" data-id=\"6600d4c\" data-element_type=\"widget\" data-widget_type=\"react-heading.default\">\n\t\t\t\t<div class=\"elementor-widget-container\">\n\t\t\t\t\t        <div class=\"react-heading style2\">\r\n        \t<div class=\"title-inner\">        \t\t      \t\t\r\n\t            <span class=\"sub-text \">Kategoriler<\/span><h4 class=\"title\"><span class=\"watermark\"><\/span>Hizmetlerimiz<\/h4>\t        <\/div>\r\n\t                <\/div>\r\n        \t\t\t\t<\/div>\n\t\t\t\t<\/div>\n\t\t\t\t\t<\/div>\n\t\t<\/div>\n\t\t\t\t\t<\/div>\n\t\t<\/section>\n\t\t\t\t<section class=\"elementor-section elementor-inner-section elementor-element elementor-element-b23a4ec elementor-section-boxed elementor-section-height-default elementor-section-height-default\" data-id=\"b23a4ec\" data-element_type=\"section\">\n\t\t\t\t\t\t<div class=\"elementor-container elementor-column-gap-default\">\n\t\t\t\t\t<div class=\"elementor-column elementor-col-100 elementor-inner-column elementor-element elementor-element-0d846fb\" data-id=\"0d846fb\" data-element_type=\"column\">\n\t\t\t<div class=\"elementor-widget-wrap elementor-element-populated\">\n\t\t\t\t\t\t<div class=\"elementor-element elementor-element-70e94d9 elementor-widget elementor-widget-react-heading\" data-id=\"70e94d9\" data-element_type=\"widget\" data-widget_type=\"react-heading.default\">\n\t\t\t\t<div class=\"elementor-widget-container\">\n\t\t\t\t\t        <div class=\"react-heading style2\">\r\n        \t<div class=\"title-inner\">        \t\t      \t\t\r\n\t            <span class=\"sub-text \">\u0130leti\u015fim<\/span><h4 class=\"title\"><span class=\"watermark\"><\/span>Merhaba<\/h4>\t        <\/div>\r\n\t                <\/div>\r\n        \t\t\t\t<\/div>\n\t\t\t\t<\/div>\n\t\t\t\t<div class=\"elementor-element elementor-element-5178149 elementor-widget elementor-widget-rt-cf7\" data-id=\"5178149\" data-element_type=\"widget\" data-widget_type=\"rt-cf7.default\">\n\t\t\t\t<div class=\"elementor-widget-container\">\n\t\t\t\t\t<div class=\"form_btn_\">\n<div class=\"wpcf7 no-js\" id=\"wpcf7-f3092-o1\" lang=\"en-US\" dir=\"ltr\" data-wpcf7-id=\"3092\">\n<div class=\"screen-reader-response\"><p role=\"status\" aria-live=\"polite\" aria-atomic=\"true\"><\/p> <ul><\/ul><\/div>\n<form action=\"\/index.php\/wp-json\/wp\/v2\/pages\/989#wpcf7-f3092-o1\" method=\"post\" class=\"wpcf7-form init\" aria-label=\"Contact form\" novalidate=\"novalidate\" data-status=\"init\">\n<fieldset class=\"hidden-fields-container\"><input type=\"hidden\" name=\"_wpcf7\" value=\"3092\" \/><input type=\"hidden\" name=\"_wpcf7_version\" value=\"6.1.4\" \/><input type=\"hidden\" name=\"_wpcf7_locale\" value=\"en_US\" \/><input type=\"hidden\" name=\"_wpcf7_unit_tag\" value=\"wpcf7-f3092-o1\" \/><input type=\"hidden\" name=\"_wpcf7_container_post\" value=\"0\" \/><input type=\"hidden\" name=\"_wpcf7_posted_data_hash\" value=\"\" \/>\n<\/fieldset>\n<div class=\"row contact-form\">\n\t<div class=\"col-lg-12 col-md-12\">\n\t\t<div class=\"input-box\">\n\t\t\t<p><span class=\"wpcf7-form-control-wrap\" data-name=\"your-name\"><input size=\"40\" maxlength=\"400\" class=\"wpcf7-form-control wpcf7-text wpcf7-validates-as-required\" aria-required=\"true\" aria-invalid=\"false\" placeholder=\"Full Name\" value=\"\" type=\"text\" name=\"your-name\" \/><\/span>\n\t\t\t<\/p>\n\t\t<\/div>\n\t<\/div>\n\t<div class=\"col-lg-12 col-md-12\">\n\t\t<div class=\"input-box mail\">\n\t\t\t<p><span class=\"wpcf7-form-control-wrap\" data-name=\"your-email\"><input size=\"40\" maxlength=\"400\" class=\"wpcf7-form-control wpcf7-email wpcf7-validates-as-required wpcf7-text wpcf7-validates-as-email\" aria-required=\"true\" aria-invalid=\"false\" placeholder=\"Email Address\" value=\"\" type=\"email\" name=\"your-email\" \/><\/span>\n\t\t\t<\/p>\n\t\t<\/div>\n\t<\/div>\n\t<div class=\"col-lg-12 col-md-12\">\n\t\t<div class=\"input-box subject\">\n\t\t\t<p><span class=\"wpcf7-form-control-wrap\" data-name=\"your-subject\"><input size=\"40\" maxlength=\"400\" class=\"wpcf7-form-control wpcf7-text wpcf7-validates-as-required\" aria-required=\"true\" aria-invalid=\"false\" placeholder=\"Subject\" value=\"\" type=\"text\" name=\"your-subject\" \/><\/span>\n\t\t\t<\/p>\n\t\t<\/div>\n\t<\/div>\n\t<div class=\"col-12\">\n\t\t<div class=\"input-box text-area\">\n\t\t\t<p><span class=\"wpcf7-form-control-wrap\" data-name=\"your-message\"><textarea cols=\"40\" rows=\"10\" maxlength=\"2000\" class=\"wpcf7-form-control wpcf7-textarea\" aria-invalid=\"false\" placeholder=\"Message\" name=\"your-message\"><\/textarea><\/span>\n\t\t\t<\/p>\n\t\t<\/div>\n\t<\/div>\n\t<div class=\"col-12\">\n\t\t<p><input class=\"wpcf7-form-control wpcf7-submit has-spinner\" type=\"submit\" value=\"Get A Quote\" \/>\n\t\t<\/p>\n\t<\/div>\n<\/div><div class=\"wpcf7-response-output\" aria-hidden=\"true\"><\/div>\n<\/form>\n<\/div>\n<\/div>\t\t\t\t<\/div>\n\t\t\t\t<\/div>\n\t\t\t\t\t<\/div>\n\t\t<\/div>\n\t\t\t\t\t<\/div>\n\t\t<\/section>\n\t\t\t\t<section class=\"elementor-section elementor-inner-section elementor-element elementor-element-2a18b87 elementor-section-boxed elementor-section-height-default elementor-section-height-default\" data-id=\"2a18b87\" data-element_type=\"section\" data-settings=\"{&quot;background_background&quot;:&quot;classic&quot;}\">\n\t\t\t\t\t\t\t<div class=\"elementor-background-overlay\"><\/div>\n\t\t\t\t\t\t\t<div class=\"elementor-container elementor-column-gap-default\">\n\t\t\t\t\t<div class=\"elementor-column elementor-col-100 elementor-inner-column elementor-element elementor-element-91ba326\" data-id=\"91ba326\" data-element_type=\"column\">\n\t\t\t<div class=\"elementor-widget-wrap elementor-element-populated\">\n\t\t\t\t\t\t<div class=\"elementor-element elementor-element-f9bfa25 elementor-widget elementor-widget-image\" data-id=\"f9bfa25\" data-element_type=\"widget\" data-widget_type=\"image.default\">\n\t\t\t\t\t\t\t\t\t\t\t\t\t\t\t<img loading=\"lazy\" decoding=\"async\" width=\"605\" height=\"150\" src=\"https:\/\/tradebridge-intl.com\/wp-content\/uploads\/2026\/01\/tradebridge_logo_wht_rgb.png\" class=\"attachment-large size-large wp-image-5318\" alt=\"\" srcset=\"https:\/\/tradebridge-intl.com\/wp-content\/uploads\/2026\/01\/tradebridge_logo_wht_rgb.png 605w, https:\/\/tradebridge-intl.com\/wp-content\/uploads\/2026\/01\/tradebridge_logo_wht_rgb-300x74.png 300w\" sizes=\"(max-width: 605px) 100vw, 605px\" \/>\t\t\t\t\t\t\t\t\t\t\t\t\t\t\t<\/div>\n\t\t\t\t<div class=\"elementor-element elementor-element-2ac01b5 elementor-widget elementor-widget-react-heading\" data-id=\"2ac01b5\" data-element_type=\"widget\" data-widget_type=\"react-heading.default\">\n\t\t\t\t<div class=\"elementor-widget-container\">\n\t\t\t\t\t        <div class=\"react-heading default\">\r\n        \t<div class=\"title-inner\">        \t\t      \t\t\r\n\t            <span class=\"sub-text \">+90 (507) 425 08 52<\/span><h2 class=\"title\"><span class=\"watermark\"><\/span>Dan\u0131\u015fmanl\u0131k Al\u0131n<\/h2>\t        <\/div>\r\n\t                <\/div>\r\n        \t\t\t\t<\/div>\n\t\t\t\t<\/div>\n\t\t\t\t<div class=\"elementor-element elementor-element-ac35515 elementor-align-center elementor-widget elementor-widget-button\" data-id=\"ac35515\" data-element_type=\"widget\" data-widget_type=\"button.default\">\n\t\t\t\t\t\t\t\t\t\t<a class=\"elementor-button elementor-button-link elementor-size-sm\" href=\"#\">\n\t\t\t\t\t\t<span class=\"elementor-button-content-wrapper\">\n\t\t\t\t\t\t\t\t\t<span class=\"elementor-button-text\">\u0130leti\u015fim<\/span>\n\t\t\t\t\t<\/span>\n\t\t\t\t\t<\/a>\n\t\t\t\t\t\t\t\t<\/div>\n\t\t\t\t\t<\/div>\n\t\t<\/div>\n\t\t\t\t\t<\/div>\n\t\t<\/section>\n\t\t\t\t\t<\/div>\n\t\t<\/div>\n\t\t\t\t\t<\/div>\n\t\t<\/section>\n\t\t\t\t<\/div>\n\t\t","protected":false},"excerpt":{"rendered":"<p>\u0130hracat Dan\u0131\u015fmanl\u0131\u011f\u0131 K\u00fcresel pazarlara a\u00e7\u0131lmak isteyen firmalara u\u00e7tan uca dan\u0131\u015fmanl\u0131k deste\u011fi veriyoruz. Uzman ekibimiz, \u015firketinizin ihracat olgunlu\u011funu analiz eder, hedef pazar stratejisi olu\u015fturur ve gerekli aksiyon planlar\u0131n\u0131 birlikte hayata ge\u00e7irir. Pazara giri\u015f, distrib\u00fct\u00f6r\/al\u0131c\u0131 bulunmas\u0131, g\u00fcmr\u00fck ve lojistik s\u00fcre\u00e7 y\u00f6netimi gibi konularda deneyimli dan\u0131\u015fmanlar\u0131m\u0131z yol g\u00f6stererek riskleri en aza indirir, ba\u015far\u0131l\u0131 bir ihracat operasyonu kurman\u0131za yard\u0131mc\u0131&#8230;<\/p>\n","protected":false},"author":1,"featured_media":0,"parent":0,"menu_order":0,"comment_status":"closed","ping_status":"closed","template":"","meta":{"footnotes":""},"class_list":["post-989","page","type-page","status-publish","hentry"],"_links":{"self":[{"href":"https:\/\/tradebridge-intl.com\/index.php\/wp-json\/wp\/v2\/pages\/989","targetHints":{"allow":["GET"]}}],"collection":[{"href":"https:\/\/tradebridge-intl.com\/index.php\/wp-json\/wp\/v2\/pages"}],"about":[{"href":"https:\/\/tradebridge-intl.com\/index.php\/wp-json\/wp\/v2\/types\/page"}],"author":[{"embeddable":true,"href":"https:\/\/tradebridge-intl.com\/index.php\/wp-json\/wp\/v2\/users\/1"}],"replies":[{"embeddable":true,"href":"https:\/\/tradebridge-intl.com\/index.php\/wp-json\/wp\/v2\/comments?post=989"}],"version-history":[{"count":14,"href":"https:\/\/tradebridge-intl.com\/index.php\/wp-json\/wp\/v2\/pages\/989\/revisions"}],"predecessor-version":[{"id":5404,"href":"https:\/\/tradebridge-intl.com\/index.php\/wp-json\/wp\/v2\/pages\/989\/revisions\/5404"}],"wp:attachment":[{"href":"https:\/\/tradebridge-intl.com\/index.php\/wp-json\/wp\/v2\/media?parent=989"}],"curies":[{"name":"wp","href":"https:\/\/api.w.org\/{rel}","templated":true}]}}