{"id":991,"date":"2022-02-22T10:20:32","date_gmt":"2022-02-22T10:20:32","guid":{"rendered":"http:\/\/localhost\/finanix\/?page_id=991"},"modified":"2026-01-15T08:34:48","modified_gmt":"2026-01-15T08:34:48","slug":"gtip-analizi-ve-veri-tabanli-pazar-arastirmasi","status":"publish","type":"page","link":"https:\/\/tradebridge-intl.com\/index.php\/gtip-analizi-ve-veri-tabanli-pazar-arastirmasi\/","title":{"rendered":"GT\u0130P Analizi ve Veri Tabanl\u0131 Pazar Ara\u015ft\u0131rmas\u0131"},"content":{"rendered":"\t\t<div data-elementor-type=\"wp-page\" data-elementor-id=\"991\" class=\"elementor elementor-991\">\n\t\t\t\t\t\t<section class=\"elementor-section elementor-top-section elementor-element elementor-element-1d4ebd99 elementor-section-boxed elementor-section-height-default elementor-section-height-default\" data-id=\"1d4ebd99\" data-element_type=\"section\">\n\t\t\t\t\t\t<div class=\"elementor-container elementor-column-gap-default\">\n\t\t\t\t\t<div class=\"elementor-column elementor-col-66 elementor-top-column elementor-element elementor-element-3e0a0bc2\" data-id=\"3e0a0bc2\" data-element_type=\"column\">\n\t\t\t<div class=\"elementor-widget-wrap elementor-element-populated\">\n\t\t\t\t\t\t<div class=\"elementor-element elementor-element-1f378ceb elementor-widget elementor-widget-image\" data-id=\"1f378ceb\" data-element_type=\"widget\" data-widget_type=\"image.default\">\n\t\t\t\t\t\t\t\t\t\t\t\t\t\t\t<img fetchpriority=\"high\" decoding=\"async\" width=\"640\" height=\"349\" src=\"https:\/\/tradebridge-intl.com\/wp-content\/uploads\/2022\/03\/service-7.jpg\" class=\"attachment-large size-large wp-image-2910\" alt=\"\" srcset=\"https:\/\/tradebridge-intl.com\/wp-content\/uploads\/2022\/03\/service-7.jpg 880w, https:\/\/tradebridge-intl.com\/wp-content\/uploads\/2022\/03\/service-7-300x164.jpg 300w, https:\/\/tradebridge-intl.com\/wp-content\/uploads\/2022\/03\/service-7-768x419.jpg 768w\" sizes=\"(max-width: 640px) 100vw, 640px\" \/>\t\t\t\t\t\t\t\t\t\t\t\t\t\t\t<\/div>\n\t\t\t\t<div class=\"elementor-element elementor-element-5951f2f8 elementor-widget elementor-widget-react-heading\" data-id=\"5951f2f8\" data-element_type=\"widget\" data-widget_type=\"react-heading.default\">\n\t\t\t\t<div class=\"elementor-widget-container\">\n\t\t\t\t\t        <div class=\"react-heading default\">\r\n        \t<div class=\"title-inner\">        \t\t      \t\t\r\n\t            <h3 class=\"title\"><span class=\"watermark\"><\/span>GT\u0130P Analizi ve Veri Tabanl\u0131 Pazar Ara\u015ft\u0131rmas\u0131:<\/h3>\t        <\/div>\r\n\t                    \t<div class=\"description\">\r\n            \t\t<p class=\"mb-30\"><span style=\"font-weight: 400\">Do\u011fru pazar se\u00e7imi, ihracatta ba\u015far\u0131y\u0131 belirleyen en kritik fakt\u00f6rd\u00fcr. TBI olarak, \u00fcr\u00fcn\u00fcn\u00fcz\u00fcn <\/span><b>GT\u0130P koduna<\/b><span style=\"font-weight: 400\"> (G\u00fcmr\u00fck Tarife \u0130statistik Pozisyonu) dayanarak d\u00fcnyadaki potansiyel pazarlar\u0131 bilimsel verilerle analiz ediyoruz. Trademap ve benzeri veri kaynaklar\u0131ndan faydalanarak hedef \u00fclkelerin ithalat hacimleri, b\u00fcy\u00fcme trendleri, birim fiyat seviyeleri ve rekabet yo\u011funlu\u011funu inceliyoruz. Sonu\u00e7ta, \u00fcr\u00fcn\u00fcn\u00fcz i\u00e7in en k\u00e2rl\u0131 ve ula\u015f\u0131labilir pazarlar\u0131 \u00f6nceliklendiren bir <\/span><b>Pazar Cazibe Endeksi<\/b><span style=\"font-weight: 400\"> olu\u015fturuyoruz. Bu sayede, sezgilerle de\u011fil somut verilerle desteklenen, isabetli ihracat stratejileri geli\u015ftirmenizi sa\u011fl\u0131yoruz.<\/span><\/p>            \t\t\r\n            \t<\/div>\r\n        \t        <\/div>\r\n        \t\t\t\t<\/div>\n\t\t\t\t<\/div>\n\t\t\t\t<section class=\"elementor-section elementor-inner-section elementor-element elementor-element-ee974d5 elementor-section-boxed elementor-section-height-default elementor-section-height-default\" data-id=\"ee974d5\" data-element_type=\"section\">\n\t\t\t\t\t\t<div class=\"elementor-container elementor-column-gap-default\">\n\t\t\t\t\t<div class=\"elementor-column elementor-col-33 elementor-inner-column elementor-element elementor-element-2c5ac3d6\" data-id=\"2c5ac3d6\" data-element_type=\"column\">\n\t\t\t<div class=\"elementor-widget-wrap elementor-element-populated\">\n\t\t\t\t\t\t<div class=\"elementor-element elementor-element-1cf2f0d6 elementor-widget elementor-widget-rt-service-grid\" data-id=\"1cf2f0d6\" data-element_type=\"widget\" data-widget_type=\"rt-service-grid.default\">\n\t\t\t\t<div class=\"elementor-widget-container\">\n\t\t\t\t\t<div class=\"react-addon-services services-style6\">\r\n    <div class=\"services-part\">\r\n    \t\t\t    \t\t       \r\n\t    <div class=\"services-text\">\r\n\t    \t\t    \t\t<h2 class=\"shadow-text stroke\">01<\/h2>\r\n\t    \t\t    \t\t    \t\t<div class=\"services-icon\">\r\n\t\t    \t\t\t\t    \t\t\t\t    \t\t\t<img decoding=\"async\" src=\"https:\/\/reactheme.com\/products\/wordpress\/finanix\/wp-content\/uploads\/2022\/03\/s-icon13.png\" alt=\"image\"\/>\r\n\t\t    \t\t\t    \t\t<\/div>\t\r\n\t    \t\t    \t\t\t    \t<div class=\"services-title\">\t\t    \t\t\r\n\t\t    \t\t\r\n\t\t    \t\t\t\t    \t\t\t<h2 class=\"title\">\t GT\u0130P Koduna Dayal\u0131 Veri Analizi<\/h2>\r\n\t\t    \t\t\t\t\t\t    \t\t\r\n\t\t    \t<\/div>\r\n\t    \t\t\r\n\r\n\t    \t\t\r\n\r\n\t    \t\r\n\t    <\/div>\r\n    \t\r\n\t<\/div>\r\n<\/div>\t\t\t\t<\/div>\n\t\t\t\t<\/div>\n\t\t\t\t\t<\/div>\n\t\t<\/div>\n\t\t\t\t<div class=\"elementor-column elementor-col-33 elementor-inner-column elementor-element elementor-element-57c540d2\" data-id=\"57c540d2\" data-element_type=\"column\">\n\t\t\t<div class=\"elementor-widget-wrap elementor-element-populated\">\n\t\t\t\t\t\t<div class=\"elementor-element elementor-element-2e734ba2 elementor-widget elementor-widget-rt-service-grid\" data-id=\"2e734ba2\" data-element_type=\"widget\" data-widget_type=\"rt-service-grid.default\">\n\t\t\t\t<div class=\"elementor-widget-container\">\n\t\t\t\t\t<div class=\"react-addon-services services-style6\">\r\n    <div class=\"services-part\">\r\n    \t\t\t    \t\t       \r\n\t    <div class=\"services-text\">\r\n\t    \t\t    \t\t<h2 class=\"shadow-text stroke\">02<\/h2>\r\n\t    \t\t    \t\t    \t\t<div class=\"services-icon\">\r\n\t\t    \t\t\t\t    \t\t\t\t    \t\t\t<img decoding=\"async\" src=\"https:\/\/reactheme.com\/products\/wordpress\/finanix\/wp-content\/uploads\/2022\/03\/s-icon14.png\" alt=\"image\"\/>\r\n\t\t    \t\t\t    \t\t<\/div>\t\r\n\t    \t\t    \t\t\t    \t<div class=\"services-title\">\t\t    \t\t\r\n\t\t    \t\t\r\n\t\t    \t\t\t\t    \t\t\t<h2 class=\"title\">\t Hedef Pazar ve Rekabet De\u011ferlendirmesi<\/h2>\r\n\t\t    \t\t\t\t\t\t    \t\t\r\n\t\t    \t<\/div>\r\n\t    \t\t\r\n\r\n\t    \t\t\r\n\r\n\t    \t\r\n\t    <\/div>\r\n    \t\r\n\t<\/div>\r\n<\/div>\t\t\t\t<\/div>\n\t\t\t\t<\/div>\n\t\t\t\t\t<\/div>\n\t\t<\/div>\n\t\t\t\t<div class=\"elementor-column elementor-col-33 elementor-inner-column elementor-element elementor-element-6dc64883\" data-id=\"6dc64883\" data-element_type=\"column\">\n\t\t\t<div class=\"elementor-widget-wrap elementor-element-populated\">\n\t\t\t\t\t\t<div class=\"elementor-element elementor-element-389321cc elementor-widget elementor-widget-rt-service-grid\" data-id=\"389321cc\" data-element_type=\"widget\" data-widget_type=\"rt-service-grid.default\">\n\t\t\t\t<div class=\"elementor-widget-container\">\n\t\t\t\t\t<div class=\"react-addon-services services-style6\">\r\n    <div class=\"services-part\">\r\n    \t\t\t    \t\t       \r\n\t    <div class=\"services-text\">\r\n\t    \t\t    \t\t<h2 class=\"shadow-text stroke\">03<\/h2>\r\n\t    \t\t    \t\t    \t\t<div class=\"services-icon\">\r\n\t\t    \t\t\t\t    \t\t\t\t    \t\t\t<img decoding=\"async\" src=\"https:\/\/reactheme.com\/products\/wordpress\/finanix\/wp-content\/uploads\/2022\/03\/s-icon15.png\" alt=\"image\"\/>\r\n\t\t    \t\t\t    \t\t<\/div>\t\r\n\t    \t\t    \t\t\t    \t<div class=\"services-title\">\t\t    \t\t\r\n\t\t    \t\t\r\n\t\t    \t\t\t\t    \t\t\t<h2 class=\"title\">\t Pazar Cazibe Endeksi &amp; Stratejik \u00d6nceliklendirme<\/h2>\r\n\t\t    \t\t\t\t\t\t    \t\t\r\n\t\t    \t<\/div>\r\n\t    \t\t\r\n\r\n\t    \t\t\r\n\r\n\t    \t\r\n\t    <\/div>\r\n    \t\r\n\t<\/div>\r\n<\/div>\t\t\t\t<\/div>\n\t\t\t\t<\/div>\n\t\t\t\t\t<\/div>\n\t\t<\/div>\n\t\t\t\t\t<\/div>\n\t\t<\/section>\n\t\t\t\t<div class=\"elementor-element elementor-element-242934e5 elementor-widget elementor-widget-text-editor\" data-id=\"242934e5\" data-element_type=\"widget\" data-widget_type=\"text-editor.default\">\n\t\t\t\t\t\t\t\t\t<p>\u00dcr\u00fcn\u00fcn\u00fcz\u00fcn GT\u0130P kodunu baz alarak, k\u00fcresel pazarlardaki potansiyel \u00fclkeleri bilimsel ve g\u00fcncel verilerle analiz ediyoruz. Trademap ve benzeri veri kaynaklar\u0131yla ithalat hacmi, b\u00fcy\u00fcme trendleri, birim fiyatlar ve rekabet yo\u011funlu\u011funu inceleyerek hedef pazarlar\u0131 detayl\u0131 \u015fekilde de\u011ferlendiriyoruz. Elde edilen veriler do\u011frultusunda \u00fcr\u00fcn\u00fcn\u00fcz i\u00e7in en k\u00e2rl\u0131 ve ula\u015f\u0131labilir pazarlar\u0131 \u00f6nceliklendiren bir Pazar Cazibe Endeksi olu\u015fturuyor, sezgiler yerine somut verilerle desteklenen ihracat stratejileri geli\u015ftirmenizi sa\u011fl\u0131yoruz.<\/p>\t\t\t\t\t\t\t\t<\/div>\n\t\t\t\t<section class=\"elementor-section elementor-inner-section elementor-element elementor-element-524d732d elementor-section-boxed elementor-section-height-default elementor-section-height-default\" data-id=\"524d732d\" data-element_type=\"section\" data-settings=\"{&quot;background_background&quot;:&quot;classic&quot;}\">\n\t\t\t\t\t\t<div class=\"elementor-container elementor-column-gap-default\">\n\t\t\t\t\t<div class=\"elementor-column elementor-col-100 elementor-inner-column elementor-element elementor-element-1edfa482\" data-id=\"1edfa482\" data-element_type=\"column\">\n\t\t\t<div class=\"elementor-widget-wrap elementor-element-populated\">\n\t\t\t\t\t\t<div class=\"elementor-element elementor-element-6c78f539 elementor-widget elementor-widget-image\" data-id=\"6c78f539\" data-element_type=\"widget\" data-widget_type=\"image.default\">\n\t\t\t\t\t\t\t\t\t\t\t\t\t\t\t<img decoding=\"async\" width=\"80\" height=\"62\" src=\"https:\/\/tradebridge-intl.com\/wp-content\/uploads\/2022\/03\/quote-sm.png\" class=\"attachment-large size-large wp-image-3029\" alt=\"\" \/>\t\t\t\t\t\t\t\t\t\t\t\t\t\t\t<\/div>\n\t\t\t\t<div class=\"elementor-element elementor-element-fe42205 elementor-widget elementor-widget-testimonial\" data-id=\"fe42205\" data-element_type=\"widget\" data-widget_type=\"testimonial.default\">\n\t\t\t\t\t\t\t<div class=\"elementor-testimonial-wrapper\">\n\t\t\t\t\t\t\t<div class=\"elementor-testimonial-content\">\u201cTBI Trade Bridge International ile \u00e7al\u0131\u015fmaya ba\u015flad\u0131ktan sonra ihracat kararlar\u0131m\u0131z \u00e7ok daha net ve g\u00fcvenilir hale geldi. GT\u0130P bazl\u0131 pazar analizleri sayesinde do\u011fru \u00fclkelere odakland\u0131k ve k\u0131sa s\u00fcrede nitelikli al\u0131c\u0131larla temas kurduk. Profesyonel yakla\u015f\u0131mlar\u0131 ve veri odakl\u0131 stratejileri, i\u015fimizi global \u00f6l\u00e7ekte b\u00fcy\u00fctmemizde \u00f6nemli rol oynad\u0131.\u201d<\/div>\n\t\t\t\n\t\t\t\t\t\t<div class=\"elementor-testimonial-meta elementor-has-image elementor-testimonial-image-position-aside\">\n\t\t\t\t<div class=\"elementor-testimonial-meta-inner\">\n\t\t\t\t\t\t\t\t\t\t\t<div class=\"elementor-testimonial-image\">\n\t\t\t\t\t\t\t<img decoding=\"async\" width=\"610\" height=\"660\" src=\"https:\/\/tradebridge-intl.com\/wp-content\/uploads\/2022\/03\/team-1.jpg\" class=\"attachment-full size-full wp-image-3347\" alt=\"\" srcset=\"https:\/\/tradebridge-intl.com\/wp-content\/uploads\/2022\/03\/team-1.jpg 610w, https:\/\/tradebridge-intl.com\/wp-content\/uploads\/2022\/03\/team-1-277x300.jpg 277w\" sizes=\"(max-width: 610px) 100vw, 610px\" \/>\t\t\t\t\t\t<\/div>\n\t\t\t\t\t\n\t\t\t\t\t\t\t\t\t\t<div class=\"elementor-testimonial-details\">\n\t\t\t\t\t\t\t\t\t\t\t\t\t\t<div class=\"elementor-testimonial-name\">Michael Andersen<\/div>\n\t\t\t\t\t\t\t\t\t\t\t\t\t\t\t\t\t\t\t\t\t\t<div class=\"elementor-testimonial-job\">Business Development Manager Nordic Trade Solutions AB \u2013 Stockholm, Sweden \ud83c\uddf8\ud83c\uddea<\/div>\n\t\t\t\t\t\t\t\t\t\t\t\t\t<\/div>\n\t\t\t\t\t\t\t\t\t<\/div>\n\t\t\t<\/div>\n\t\t\t\t\t<\/div>\n\t\t\t\t\t\t<\/div>\n\t\t\t\t\t<\/div>\n\t\t<\/div>\n\t\t\t\t\t<\/div>\n\t\t<\/section>\n\t\t\t\t<div class=\"elementor-element elementor-element-2910728e elementor-widget elementor-widget-text-editor\" data-id=\"2910728e\" data-element_type=\"widget\" data-widget_type=\"text-editor.default\">\n\t\t\t\t\t\t\t\t\t<div class=\"flex flex-col text-sm pb-25\"><article class=\"text-token-text-primary w-full focus:outline-none [--shadow-height:45px] has-data-writing-block:pointer-events-none has-data-writing-block:-mt-(--shadow-height) has-data-writing-block:pt-(--shadow-height) [&amp;:has([data-writing-block])&gt;*]:pointer-events-auto scroll-mt-[calc(var(--header-height)+min(200px,max(70px,20svh)))]\" dir=\"auto\" tabindex=\"-1\" data-turn-id=\"24fbfb3a-7146-4c7f-8470-82fc87971953\" data-testid=\"conversation-turn-40\" data-scroll-anchor=\"true\" data-turn=\"assistant\"><div class=\"text-base my-auto mx-auto pb-10 [--thread-content-margin:--spacing(4)] @w-sm\/main:[--thread-content-margin:--spacing(6)] @w-lg\/main:[--thread-content-margin:--spacing(16)] px-(--thread-content-margin)\"><div class=\"[--thread-content-max-width:40rem] @w-lg\/main:[--thread-content-max-width:48rem] mx-auto max-w-(--thread-content-max-width) flex-1 group\/turn-messages focus-visible:outline-hidden relative flex w-full min-w-0 flex-col agent-turn\" tabindex=\"-1\"><div class=\"flex max-w-full flex-col grow\"><div class=\"min-h-8 text-message relative flex w-full flex-col items-end gap-2 text-start break-words whitespace-normal [.text-message+&amp;]:mt-1\" dir=\"auto\" data-message-author-role=\"assistant\" data-message-id=\"571b723c-0440-49e1-ac39-55ad758d0944\" data-message-model-slug=\"gpt-5-2\"><div class=\"flex w-full flex-col gap-1 empty:hidden first:pt-[1px]\"><div class=\"markdown prose dark:prose-invert w-full break-words light markdown-new-styling\"><p data-start=\"0\" data-end=\"421\" data-is-last-node=\"\" data-is-only-node=\"\">\u0130hracatta ba\u015far\u0131, do\u011fru pazar se\u00e7imi ve do\u011fru stratejiyle m\u00fcmk\u00fcnd\u00fcr. TBI Trade Bridge International olarak, firmalar\u0131n k\u00fcresel pazarlara a\u00e7\u0131lma s\u00fcrecini veri odakl\u0131 analizlerle planl\u0131yor, hedef \u00fclke se\u00e7iminden al\u0131c\u0131 bulmaya kadar t\u00fcm a\u015famalarda yol g\u00f6steriyoruz. Amac\u0131m\u0131z, ihracat s\u00fcre\u00e7lerini daha g\u00fcvenli, \u00f6l\u00e7\u00fclebilir ve s\u00fcrd\u00fcr\u00fclebilir hale getirerek firmalar\u0131n global pazarlarda kal\u0131c\u0131 ba\u015far\u0131 elde etmesini sa\u011flamakt\u0131r.<\/p><\/div><\/div><\/div><\/div><\/div><\/div><\/article><\/div>\t\t\t\t\t\t\t\t<\/div>\n\t\t\t\t\t<\/div>\n\t\t<\/div>\n\t\t\t\t<div class=\"elementor-column elementor-col-33 elementor-top-column elementor-element elementor-element-42eaa171\" data-id=\"42eaa171\" data-element_type=\"column\">\n\t\t\t<div class=\"elementor-widget-wrap elementor-element-populated\">\n\t\t\t\t\t\t<section class=\"elementor-section elementor-inner-section elementor-element elementor-element-3603e60 elementor-section-boxed elementor-section-height-default elementor-section-height-default\" data-id=\"3603e60\" data-element_type=\"section\">\n\t\t\t\t\t\t<div class=\"elementor-container elementor-column-gap-default\">\n\t\t\t\t\t<div class=\"elementor-column elementor-col-100 elementor-inner-column elementor-element elementor-element-7628b55\" data-id=\"7628b55\" data-element_type=\"column\">\n\t\t\t<div class=\"elementor-widget-wrap elementor-element-populated\">\n\t\t\t\t\t\t<div class=\"elementor-element elementor-element-31afd7e elementor-widget elementor-widget-react-heading\" data-id=\"31afd7e\" data-element_type=\"widget\" data-widget_type=\"react-heading.default\">\n\t\t\t\t<div class=\"elementor-widget-container\">\n\t\t\t\t\t        <div class=\"react-heading style2\">\r\n        \t<div class=\"title-inner\">        \t\t      \t\t\r\n\t            <span class=\"sub-text \">Kategoriler<\/span><h4 class=\"title\"><span class=\"watermark\"><\/span>Hizmetlerimiz<\/h4>\t        <\/div>\r\n\t                <\/div>\r\n        \t\t\t\t<\/div>\n\t\t\t\t<\/div>\n\t\t\t\t\t<\/div>\n\t\t<\/div>\n\t\t\t\t\t<\/div>\n\t\t<\/section>\n\t\t\t\t<section class=\"elementor-section elementor-inner-section elementor-element elementor-element-97349b3 elementor-section-boxed elementor-section-height-default elementor-section-height-default\" data-id=\"97349b3\" data-element_type=\"section\">\n\t\t\t\t\t\t<div class=\"elementor-container elementor-column-gap-default\">\n\t\t\t\t\t<div class=\"elementor-column elementor-col-100 elementor-inner-column elementor-element elementor-element-38d11ec\" data-id=\"38d11ec\" data-element_type=\"column\">\n\t\t\t<div class=\"elementor-widget-wrap elementor-element-populated\">\n\t\t\t\t\t\t<div class=\"elementor-element elementor-element-50dee34 elementor-widget elementor-widget-react-heading\" data-id=\"50dee34\" data-element_type=\"widget\" data-widget_type=\"react-heading.default\">\n\t\t\t\t<div class=\"elementor-widget-container\">\n\t\t\t\t\t        <div class=\"react-heading style2\">\r\n        \t<div class=\"title-inner\">        \t\t      \t\t\r\n\t            <span class=\"sub-text \">\u0130leti\u015fim<\/span><h4 class=\"title\"><span class=\"watermark\"><\/span>Merhaba<\/h4>\t        <\/div>\r\n\t                <\/div>\r\n        \t\t\t\t<\/div>\n\t\t\t\t<\/div>\n\t\t\t\t<div class=\"elementor-element elementor-element-a16c96f elementor-widget elementor-widget-rt-cf7\" data-id=\"a16c96f\" data-element_type=\"widget\" data-widget_type=\"rt-cf7.default\">\n\t\t\t\t<div class=\"elementor-widget-container\">\n\t\t\t\t\t<div class=\"form_btn_\">\n<div class=\"wpcf7 no-js\" id=\"wpcf7-f3092-o1\" lang=\"en-US\" dir=\"ltr\" data-wpcf7-id=\"3092\">\n<div class=\"screen-reader-response\"><p role=\"status\" aria-live=\"polite\" aria-atomic=\"true\"><\/p> <ul><\/ul><\/div>\n<form action=\"\/index.php\/wp-json\/wp\/v2\/pages\/991#wpcf7-f3092-o1\" method=\"post\" class=\"wpcf7-form init\" aria-label=\"Contact form\" novalidate=\"novalidate\" data-status=\"init\">\n<fieldset class=\"hidden-fields-container\"><input type=\"hidden\" name=\"_wpcf7\" value=\"3092\" \/><input type=\"hidden\" name=\"_wpcf7_version\" value=\"6.1.4\" \/><input type=\"hidden\" name=\"_wpcf7_locale\" value=\"en_US\" \/><input type=\"hidden\" name=\"_wpcf7_unit_tag\" value=\"wpcf7-f3092-o1\" \/><input type=\"hidden\" name=\"_wpcf7_container_post\" value=\"0\" \/><input type=\"hidden\" name=\"_wpcf7_posted_data_hash\" value=\"\" \/>\n<\/fieldset>\n<div class=\"row contact-form\">\n\t<div class=\"col-lg-12 col-md-12\">\n\t\t<div class=\"input-box\">\n\t\t\t<p><span class=\"wpcf7-form-control-wrap\" data-name=\"your-name\"><input size=\"40\" maxlength=\"400\" class=\"wpcf7-form-control wpcf7-text wpcf7-validates-as-required\" aria-required=\"true\" aria-invalid=\"false\" placeholder=\"Full Name\" value=\"\" type=\"text\" name=\"your-name\" \/><\/span>\n\t\t\t<\/p>\n\t\t<\/div>\n\t<\/div>\n\t<div class=\"col-lg-12 col-md-12\">\n\t\t<div class=\"input-box mail\">\n\t\t\t<p><span class=\"wpcf7-form-control-wrap\" data-name=\"your-email\"><input size=\"40\" maxlength=\"400\" class=\"wpcf7-form-control wpcf7-email wpcf7-validates-as-required wpcf7-text wpcf7-validates-as-email\" aria-required=\"true\" aria-invalid=\"false\" placeholder=\"Email Address\" value=\"\" type=\"email\" name=\"your-email\" \/><\/span>\n\t\t\t<\/p>\n\t\t<\/div>\n\t<\/div>\n\t<div class=\"col-lg-12 col-md-12\">\n\t\t<div class=\"input-box subject\">\n\t\t\t<p><span class=\"wpcf7-form-control-wrap\" data-name=\"your-subject\"><input size=\"40\" maxlength=\"400\" class=\"wpcf7-form-control wpcf7-text wpcf7-validates-as-required\" aria-required=\"true\" aria-invalid=\"false\" placeholder=\"Subject\" value=\"\" type=\"text\" name=\"your-subject\" \/><\/span>\n\t\t\t<\/p>\n\t\t<\/div>\n\t<\/div>\n\t<div class=\"col-12\">\n\t\t<div class=\"input-box text-area\">\n\t\t\t<p><span class=\"wpcf7-form-control-wrap\" data-name=\"your-message\"><textarea cols=\"40\" rows=\"10\" maxlength=\"2000\" class=\"wpcf7-form-control wpcf7-textarea\" aria-invalid=\"false\" placeholder=\"Message\" name=\"your-message\"><\/textarea><\/span>\n\t\t\t<\/p>\n\t\t<\/div>\n\t<\/div>\n\t<div class=\"col-12\">\n\t\t<p><input class=\"wpcf7-form-control wpcf7-submit has-spinner\" type=\"submit\" value=\"Get A Quote\" \/>\n\t\t<\/p>\n\t<\/div>\n<\/div><div class=\"wpcf7-response-output\" aria-hidden=\"true\"><\/div>\n<\/form>\n<\/div>\n<\/div>\t\t\t\t<\/div>\n\t\t\t\t<\/div>\n\t\t\t\t\t<\/div>\n\t\t<\/div>\n\t\t\t\t\t<\/div>\n\t\t<\/section>\n\t\t\t\t<section class=\"elementor-section elementor-inner-section elementor-element elementor-element-9e00a4f elementor-section-boxed elementor-section-height-default elementor-section-height-default\" data-id=\"9e00a4f\" data-element_type=\"section\" data-settings=\"{&quot;background_background&quot;:&quot;classic&quot;}\">\n\t\t\t\t\t\t\t<div class=\"elementor-background-overlay\"><\/div>\n\t\t\t\t\t\t\t<div class=\"elementor-container elementor-column-gap-default\">\n\t\t\t\t\t<div class=\"elementor-column elementor-col-100 elementor-inner-column elementor-element elementor-element-ff809ba\" data-id=\"ff809ba\" data-element_type=\"column\">\n\t\t\t<div class=\"elementor-widget-wrap elementor-element-populated\">\n\t\t\t\t\t\t<div class=\"elementor-element elementor-element-1c60b67 elementor-widget elementor-widget-image\" data-id=\"1c60b67\" data-element_type=\"widget\" data-widget_type=\"image.default\">\n\t\t\t\t\t\t\t\t\t\t\t\t\t\t\t<img loading=\"lazy\" decoding=\"async\" width=\"605\" height=\"150\" src=\"https:\/\/tradebridge-intl.com\/wp-content\/uploads\/2026\/01\/tradebridge_logo_wht_rgb.png\" class=\"attachment-large size-large wp-image-5318\" alt=\"\" srcset=\"https:\/\/tradebridge-intl.com\/wp-content\/uploads\/2026\/01\/tradebridge_logo_wht_rgb.png 605w, https:\/\/tradebridge-intl.com\/wp-content\/uploads\/2026\/01\/tradebridge_logo_wht_rgb-300x74.png 300w\" sizes=\"(max-width: 605px) 100vw, 605px\" \/>\t\t\t\t\t\t\t\t\t\t\t\t\t\t\t<\/div>\n\t\t\t\t<div class=\"elementor-element elementor-element-c524ce2 elementor-widget elementor-widget-react-heading\" data-id=\"c524ce2\" data-element_type=\"widget\" data-widget_type=\"react-heading.default\">\n\t\t\t\t<div class=\"elementor-widget-container\">\n\t\t\t\t\t        <div class=\"react-heading default\">\r\n        \t<div class=\"title-inner\">        \t\t      \t\t\r\n\t            <span class=\"sub-text \">+90 (507) 425 08 52<\/span><h2 class=\"title\"><span class=\"watermark\"><\/span>Dan\u0131\u015fmanl\u0131k Al\u0131n<\/h2>\t        <\/div>\r\n\t                <\/div>\r\n        \t\t\t\t<\/div>\n\t\t\t\t<\/div>\n\t\t\t\t<div class=\"elementor-element elementor-element-ca30bdc elementor-align-center elementor-widget elementor-widget-button\" data-id=\"ca30bdc\" data-element_type=\"widget\" data-widget_type=\"button.default\">\n\t\t\t\t\t\t\t\t\t\t<a class=\"elementor-button elementor-button-link elementor-size-sm\" href=\"#\">\n\t\t\t\t\t\t<span class=\"elementor-button-content-wrapper\">\n\t\t\t\t\t\t\t\t\t<span class=\"elementor-button-text\">\u0130leti\u015fim<\/span>\n\t\t\t\t\t<\/span>\n\t\t\t\t\t<\/a>\n\t\t\t\t\t\t\t\t<\/div>\n\t\t\t\t\t<\/div>\n\t\t<\/div>\n\t\t\t\t\t<\/div>\n\t\t<\/section>\n\t\t\t\t\t<\/div>\n\t\t<\/div>\n\t\t\t\t\t<\/div>\n\t\t<\/section>\n\t\t\t\t<\/div>\n\t\t","protected":false},"excerpt":{"rendered":"<p>GT\u0130P Analizi ve Veri Tabanl\u0131 Pazar Ara\u015ft\u0131rmas\u0131: Do\u011fru pazar se\u00e7imi, ihracatta ba\u015far\u0131y\u0131 belirleyen en kritik fakt\u00f6rd\u00fcr. TBI olarak, \u00fcr\u00fcn\u00fcn\u00fcz\u00fcn GT\u0130P koduna (G\u00fcmr\u00fck Tarife \u0130statistik Pozisyonu) dayanarak d\u00fcnyadaki potansiyel pazarlar\u0131 bilimsel verilerle analiz ediyoruz. Trademap ve benzeri veri kaynaklar\u0131ndan faydalanarak hedef \u00fclkelerin ithalat hacimleri, b\u00fcy\u00fcme trendleri, birim fiyat seviyeleri ve rekabet yo\u011funlu\u011funu inceliyoruz. Sonu\u00e7ta, \u00fcr\u00fcn\u00fcn\u00fcz i\u00e7in&#8230;<\/p>\n","protected":false},"author":1,"featured_media":0,"parent":0,"menu_order":0,"comment_status":"closed","ping_status":"closed","template":"","meta":{"footnotes":""},"class_list":["post-991","page","type-page","status-publish","hentry"],"_links":{"self":[{"href":"https:\/\/tradebridge-intl.com\/index.php\/wp-json\/wp\/v2\/pages\/991","targetHints":{"allow":["GET"]}}],"collection":[{"href":"https:\/\/tradebridge-intl.com\/index.php\/wp-json\/wp\/v2\/pages"}],"about":[{"href":"https:\/\/tradebridge-intl.com\/index.php\/wp-json\/wp\/v2\/types\/page"}],"author":[{"embeddable":true,"href":"https:\/\/tradebridge-intl.com\/index.php\/wp-json\/wp\/v2\/users\/1"}],"replies":[{"embeddable":true,"href":"https:\/\/tradebridge-intl.com\/index.php\/wp-json\/wp\/v2\/comments?post=991"}],"version-history":[{"count":12,"href":"https:\/\/tradebridge-intl.com\/index.php\/wp-json\/wp\/v2\/pages\/991\/revisions"}],"predecessor-version":[{"id":5419,"href":"https:\/\/tradebridge-intl.com\/index.php\/wp-json\/wp\/v2\/pages\/991\/revisions\/5419"}],"wp:attachment":[{"href":"https:\/\/tradebridge-intl.com\/index.php\/wp-json\/wp\/v2\/media?parent=991"}],"curies":[{"name":"wp","href":"https:\/\/api.w.org\/{rel}","templated":true}]}}